{"id":526,"date":"2023-10-21T18:54:25","date_gmt":"2023-10-21T16:54:25","guid":{"rendered":"https:\/\/xn--bernard-paquereau-crivain-sic.store\/?page_id=526"},"modified":"2023-12-19T19:27:23","modified_gmt":"2023-12-19T18:27:23","slug":"larbre-a-tremas","status":"publish","type":"page","link":"https:\/\/xn--bernard-paquereau-crivain-sic.store\/?page_id=526","title":{"rendered":"L&#8217;Arbre \u00e0 tr\u00e9mas"},"content":{"rendered":"\t\t<div data-elementor-type=\"wp-page\" data-elementor-id=\"526\" class=\"elementor elementor-526\">\n\t\t\t\t\t\t\t<div class=\"elementor-element elementor-element-5a8c903 e-flex e-con-boxed e-con e-parent\" data-id=\"5a8c903\" data-element_type=\"container\" data-settings=\"{&quot;content_width&quot;:&quot;boxed&quot;}\" data-core-v316-plus=\"true\">\n\t\t\t\t\t<div class=\"e-con-inner\">\n\t\t\t\t<div class=\"elementor-element elementor-element-2279b55 elementor-widget elementor-widget-heading\" data-id=\"2279b55\" data-element_type=\"widget\" data-widget_type=\"heading.default\">\n\t\t\t\t<div class=\"elementor-widget-container\">\n\t\t\t<style>\/*! elementor - v3.16.0 - 20-09-2023 *\/\n.elementor-heading-title{padding:0;margin:0;line-height:1}.elementor-widget-heading .elementor-heading-title[class*=elementor-size-]>a{color:inherit;font-size:inherit;line-height:inherit}.elementor-widget-heading .elementor-heading-title.elementor-size-small{font-size:15px}.elementor-widget-heading .elementor-heading-title.elementor-size-medium{font-size:19px}.elementor-widget-heading .elementor-heading-title.elementor-size-large{font-size:29px}.elementor-widget-heading .elementor-heading-title.elementor-size-xl{font-size:39px}.elementor-widget-heading .elementor-heading-title.elementor-size-xxl{font-size:59px}<\/style><h2 class=\"elementor-heading-title elementor-size-default\">L' Arbre \u00e0 tr\u00e9mas<\/h2>\t\t<\/div>\n\t\t\t\t<\/div>\n\t\t\t\t\t<\/div>\n\t\t\t\t<\/div>\n\t\t<div class=\"elementor-element elementor-element-20027b5 e-flex e-con-boxed e-con e-parent\" data-id=\"20027b5\" data-element_type=\"container\" data-settings=\"{&quot;content_width&quot;:&quot;boxed&quot;}\" data-core-v316-plus=\"true\">\n\t\t\t\t\t<div class=\"e-con-inner\">\n\t\t<div class=\"elementor-element elementor-element-ebe91c3 e-con-full e-flex e-con e-child\" data-id=\"ebe91c3\" data-element_type=\"container\" data-settings=\"{&quot;content_width&quot;:&quot;full&quot;}\">\n\t\t\t\t<div class=\"elementor-element elementor-element-58062f8 elementor-widget elementor-widget-image\" data-id=\"58062f8\" data-element_type=\"widget\" data-widget_type=\"image.default\">\n\t\t\t\t<div class=\"elementor-widget-container\">\n\t\t\t<style>\/*! elementor - v3.16.0 - 20-09-2023 *\/\n.elementor-widget-image{text-align:center}.elementor-widget-image a{display:inline-block}.elementor-widget-image a img[src$=\".svg\"]{width:48px}.elementor-widget-image img{vertical-align:middle;display:inline-block}<\/style>\t\t\t\t\t\t\t\t\t\t\t\t<img decoding=\"async\" loading=\"lazy\" width=\"723\" height=\"1024\" src=\"https:\/\/xn--bernard-paquereau-crivain-sic.store\/wp-content\/uploads\/2023\/12\/Arbreatremas-723x1024.jpg\" class=\"attachment-large size-large wp-image-976\" alt=\"\" srcset=\"https:\/\/xn--bernard-paquereau-crivain-sic.store\/wp-content\/uploads\/2023\/12\/Arbreatremas-723x1024.jpg 723w, https:\/\/xn--bernard-paquereau-crivain-sic.store\/wp-content\/uploads\/2023\/12\/Arbreatremas-212x300.jpg 212w, https:\/\/xn--bernard-paquereau-crivain-sic.store\/wp-content\/uploads\/2023\/12\/Arbreatremas-600x849.jpg 600w, https:\/\/xn--bernard-paquereau-crivain-sic.store\/wp-content\/uploads\/2023\/12\/Arbreatremas.jpg 763w\" sizes=\"(max-width: 723px) 100vw, 723px\" \/>\t\t\t\t\t\t\t\t\t\t\t\t\t\t\t<\/div>\n\t\t\t\t<\/div>\n\t\t\t\t<\/div>\n\t\t<div class=\"elementor-element elementor-element-70c2437 e-con-full e-flex e-con e-child\" data-id=\"70c2437\" data-element_type=\"container\" data-settings=\"{&quot;content_width&quot;:&quot;full&quot;}\">\n\t\t\t\t<div class=\"elementor-element elementor-element-2ece0fc elementor-widget elementor-widget-text-editor\" data-id=\"2ece0fc\" data-element_type=\"widget\" data-widget_type=\"text-editor.default\">\n\t\t\t\t<div class=\"elementor-widget-container\">\n\t\t\t<style>\/*! elementor - v3.16.0 - 20-09-2023 *\/\n.elementor-widget-text-editor.elementor-drop-cap-view-stacked .elementor-drop-cap{background-color:#69727d;color:#fff}.elementor-widget-text-editor.elementor-drop-cap-view-framed .elementor-drop-cap{color:#69727d;border:3px solid;background-color:transparent}.elementor-widget-text-editor:not(.elementor-drop-cap-view-default) .elementor-drop-cap{margin-top:8px}.elementor-widget-text-editor:not(.elementor-drop-cap-view-default) .elementor-drop-cap-letter{width:1em;height:1em}.elementor-widget-text-editor .elementor-drop-cap{float:left;text-align:center;line-height:1;font-size:50px}.elementor-widget-text-editor .elementor-drop-cap-letter{display:inline-block}<\/style>\t\t\t\t<p>Vous voulez progresser dans l&#8217;apprentissage de l&#8217;orthographe<br \/>tout en enrichissant vos connaissances sur les animaux de la<br \/>for\u00eat ? Vous souhaitez mieux conna\u00eetre tout le peuple des mots<br \/>munis de tr\u00e9mas ? Alors, ce livre est fait pour vous !<br \/>Maman Lou, inqui\u00e8te d&#8217;\u00eatre sans nouvelle de P\u00e8re Grand Jean<br \/>Loup, demande \u00e0 son fils Lo\u00efc de se rendre chez son a\u00efeul.<br \/>En chemin, il rencontre des copains de sa cit\u00e9 qui veulent<br \/>l&#8217;accompagner \u00e0 travers les sentiers ombrag\u00e9s. Tout pourrait<br \/>ressembler \u00e0 un &#8220;curieux conte \u00e0 l&#8217;envers &#8220;, si ce n&#8217;est que les<br \/>compagnons du jeune gar\u00e7on vont commettre presque l&#8217;irr\u00e9parable. Les fameux Comp\u00e8res Renard, Loup, Ours et<br \/>Sanglier, entour\u00e9s de toute la faune sylvestre, vont mettre les<br \/>enfants \u00e0 l&#8217;\u00e9preuve&#8230; Nos petits amis pourront-ils r\u00e9soudre les<br \/>\u00e9nigmes animali\u00e8res ? Arriveront-ils \u00e0 reconna\u00eetre la moindre<br \/>empreinte, le moindre cri ? Sauront-ils trouver un peu de civisme<br \/>et de sagesse aupr\u00e8s de l&#8217;arbre \u00e0 tr\u00e9mas ?<br \/>Un petit br\u00e9viaire sur le respect de la for\u00eat, richement illustr\u00e9<br \/>par<span style=\"color: #ff6600;\"> Jean-Louis Pesch<\/span>, le p\u00e8re de Sylvain et Sylvette. Un r\u00e9cit<br \/>sp\u00e9cialement d\u00e9di\u00e9 \u00e0 tous ceux dont le pr\u00e9nom est joliment<br \/>coiff\u00e9 de ces deux petits yeux bienveillants qu&#8217;on appelle<br \/>tr\u00e9ma.<br \/>De 7 \u00e0 177 ans<\/p>\t\t\t\t\t\t<\/div>\n\t\t\t\t<\/div>\n\t\t\t\t<div class=\"elementor-element elementor-element-833c366 elementor-widget elementor-widget-text-editor\" data-id=\"833c366\" data-element_type=\"widget\" data-widget_type=\"text-editor.default\">\n\t\t\t\t<div class=\"elementor-widget-container\">\n\t\t\t\t\t\t\t<p>Code ISBN : 978-2-916894-11-9<\/p><p>Prix\u00a0 : 8\u00a0 euros<\/p>\t\t\t\t\t\t<\/div>\n\t\t\t\t<\/div>\n\t\t\t\t<div class=\"elementor-element elementor-element-1ac0b31 elementor-align-center elementor-widget elementor-widget-button\" data-id=\"1ac0b31\" data-element_type=\"widget\" data-widget_type=\"button.default\">\n\t\t\t\t<div class=\"elementor-widget-container\">\n\t\t\t\t\t<div class=\"elementor-button-wrapper\">\n\t\t\t<a class=\"elementor-button elementor-button-link elementor-size-sm\" href=\"#\">\n\t\t\t\t\t\t<span class=\"elementor-button-content-wrapper\">\n\t\t\t\t\t\t<span class=\"elementor-button-text\">Je commande <\/span>\n\t\t<\/span>\n\t\t\t\t\t<\/a>\n\t\t<\/div>\n\t\t\t\t<\/div>\n\t\t\t\t<\/div>\n\t\t\t\t<\/div>\n\t\t\t\t\t<\/div>\n\t\t\t\t<\/div>\n\t\t<div class=\"elementor-element elementor-element-25df4e6 e-flex e-con-boxed e-con e-parent\" data-id=\"25df4e6\" data-element_type=\"container\" data-settings=\"{&quot;content_width&quot;:&quot;boxed&quot;}\" data-core-v316-plus=\"true\">\n\t\t\t\t\t<div class=\"e-con-inner\">\n\t\t\t\t\t<\/div>\n\t\t\t\t<\/div>\n\t\t\t\t\t\t\t<\/div>\n\t\t","protected":false},"excerpt":{"rendered":"<p>L&#8217; Arbre \u00e0 tr\u00e9mas Vous voulez progresser dans l&#8217;apprentissage de l&#8217;orthographetout en enrichissant vos connaissances sur les animaux de lafor\u00eat ? Vous souhaitez mieux conna\u00eetre tout le peuple des motsmunis de tr\u00e9mas ? Alors, ce livre est fait pour vous !Maman Lou, inqui\u00e8te d&#8217;\u00eatre sans nouvelle de P\u00e8re Grand JeanLoup, demande \u00e0 son fils Lo\u00efc &hellip;<\/p>\n<p class=\"read-more\"> <a class=\"\" href=\"https:\/\/xn--bernard-paquereau-crivain-sic.store\/?page_id=526\"> <span class=\"screen-reader-text\">L&#8217;Arbre \u00e0 tr\u00e9mas<\/span> Read More &raquo;<\/a><\/p>\n","protected":false},"author":1,"featured_media":0,"parent":0,"menu_order":0,"comment_status":"closed","ping_status":"closed","template":"","meta":{"site-sidebar-layout":"no-sidebar","site-content-layout":"","ast-site-content-layout":"full-width-container","site-content-style":"default","site-sidebar-style":"default","ast-global-header-display":"","ast-banner-title-visibility":"","ast-main-header-display":"","ast-hfb-above-header-display":"","ast-hfb-below-header-display":"","ast-hfb-mobile-header-display":"","site-post-title":"disabled","ast-breadcrumbs-content":"","ast-featured-img":"disabled","footer-sml-layout":"","theme-transparent-header-meta":"","adv-header-id-meta":"","stick-header-meta":"","header-above-stick-meta":"","header-main-stick-meta":"","header-below-stick-meta":"","astra-migrate-meta-layouts":"","footnotes":""},"aioseo_notices":[],"_links":{"self":[{"href":"https:\/\/xn--bernard-paquereau-crivain-sic.store\/index.php?rest_route=\/wp\/v2\/pages\/526"}],"collection":[{"href":"https:\/\/xn--bernard-paquereau-crivain-sic.store\/index.php?rest_route=\/wp\/v2\/pages"}],"about":[{"href":"https:\/\/xn--bernard-paquereau-crivain-sic.store\/index.php?rest_route=\/wp\/v2\/types\/page"}],"author":[{"embeddable":true,"href":"https:\/\/xn--bernard-paquereau-crivain-sic.store\/index.php?rest_route=\/wp\/v2\/users\/1"}],"replies":[{"embeddable":true,"href":"https:\/\/xn--bernard-paquereau-crivain-sic.store\/index.php?rest_route=%2Fwp%2Fv2%2Fcomments&post=526"}],"version-history":[{"count":10,"href":"https:\/\/xn--bernard-paquereau-crivain-sic.store\/index.php?rest_route=\/wp\/v2\/pages\/526\/revisions"}],"predecessor-version":[{"id":1198,"href":"https:\/\/xn--bernard-paquereau-crivain-sic.store\/index.php?rest_route=\/wp\/v2\/pages\/526\/revisions\/1198"}],"wp:attachment":[{"href":"https:\/\/xn--bernard-paquereau-crivain-sic.store\/index.php?rest_route=%2Fwp%2Fv2%2Fmedia&parent=526"}],"curies":[{"name":"wp","href":"https:\/\/api.w.org\/{rel}","templated":true}]}}