{"id":524,"date":"2023-10-21T18:54:00","date_gmt":"2023-10-21T16:54:00","guid":{"rendered":"https:\/\/xn--bernard-paquereau-crivain-sic.store\/?page_id=524"},"modified":"2023-12-18T17:40:33","modified_gmt":"2023-12-18T16:40:33","slug":"le-petit-peuple-de-laccent-circonflexe","status":"publish","type":"page","link":"https:\/\/xn--bernard-paquereau-crivain-sic.store\/?page_id=524","title":{"rendered":"Le petit Peuple de l&#8217;accent circonflexe"},"content":{"rendered":"\t\t<div data-elementor-type=\"wp-page\" data-elementor-id=\"524\" class=\"elementor elementor-524\">\n\t\t\t\t\t\t\t<div class=\"elementor-element elementor-element-4aa6ad3 e-flex e-con-boxed e-con e-parent\" data-id=\"4aa6ad3\" data-element_type=\"container\" data-settings=\"{&quot;content_width&quot;:&quot;boxed&quot;}\" data-core-v316-plus=\"true\">\n\t\t\t\t\t<div class=\"e-con-inner\">\n\t\t\t\t<div class=\"elementor-element elementor-element-07c88b2 elementor-widget elementor-widget-heading\" data-id=\"07c88b2\" data-element_type=\"widget\" data-widget_type=\"heading.default\">\n\t\t\t\t<div class=\"elementor-widget-container\">\n\t\t\t<style>\/*! elementor - v3.16.0 - 20-09-2023 *\/\n.elementor-heading-title{padding:0;margin:0;line-height:1}.elementor-widget-heading .elementor-heading-title[class*=elementor-size-]>a{color:inherit;font-size:inherit;line-height:inherit}.elementor-widget-heading .elementor-heading-title.elementor-size-small{font-size:15px}.elementor-widget-heading .elementor-heading-title.elementor-size-medium{font-size:19px}.elementor-widget-heading .elementor-heading-title.elementor-size-large{font-size:29px}.elementor-widget-heading .elementor-heading-title.elementor-size-xl{font-size:39px}.elementor-widget-heading .elementor-heading-title.elementor-size-xxl{font-size:59px}<\/style><h2 class=\"elementor-heading-title elementor-size-default\">Le petit Peuple de l'accent  circonflexe<\/h2>\t\t<\/div>\n\t\t\t\t<\/div>\n\t\t\t\t\t<\/div>\n\t\t\t\t<\/div>\n\t\t<div class=\"elementor-element elementor-element-fb29c16 e-flex e-con-boxed e-con e-parent\" data-id=\"fb29c16\" data-element_type=\"container\" data-settings=\"{&quot;content_width&quot;:&quot;boxed&quot;}\" data-core-v316-plus=\"true\">\n\t\t\t\t\t<div class=\"e-con-inner\">\n\t\t<div class=\"elementor-element elementor-element-6ece8b2 e-con-full e-flex e-con e-child\" data-id=\"6ece8b2\" data-element_type=\"container\" data-settings=\"{&quot;content_width&quot;:&quot;full&quot;}\">\n\t\t\t\t<div class=\"elementor-element elementor-element-f5b6d1c elementor-widget elementor-widget-image\" data-id=\"f5b6d1c\" data-element_type=\"widget\" data-widget_type=\"image.default\">\n\t\t\t\t<div class=\"elementor-widget-container\">\n\t\t\t<style>\/*! elementor - v3.16.0 - 20-09-2023 *\/\n.elementor-widget-image{text-align:center}.elementor-widget-image a{display:inline-block}.elementor-widget-image a img[src$=\".svg\"]{width:48px}.elementor-widget-image img{vertical-align:middle;display:inline-block}<\/style>\t\t\t\t\t\t\t\t\t\t\t\t<img decoding=\"async\" loading=\"lazy\" width=\"709\" height=\"1024\" src=\"https:\/\/xn--bernard-paquereau-crivain-sic.store\/wp-content\/uploads\/2023\/12\/PetitPeupleaccentcirconflexe-709x1024.jpg\" class=\"attachment-large size-large wp-image-983\" alt=\"\" srcset=\"https:\/\/xn--bernard-paquereau-crivain-sic.store\/wp-content\/uploads\/2023\/12\/PetitPeupleaccentcirconflexe-709x1024.jpg 709w, https:\/\/xn--bernard-paquereau-crivain-sic.store\/wp-content\/uploads\/2023\/12\/PetitPeupleaccentcirconflexe-208x300.jpg 208w, https:\/\/xn--bernard-paquereau-crivain-sic.store\/wp-content\/uploads\/2023\/12\/PetitPeupleaccentcirconflexe-600x866.jpg 600w, https:\/\/xn--bernard-paquereau-crivain-sic.store\/wp-content\/uploads\/2023\/12\/PetitPeupleaccentcirconflexe.jpg 748w\" sizes=\"(max-width: 709px) 100vw, 709px\" \/>\t\t\t\t\t\t\t\t\t\t\t\t\t\t\t<\/div>\n\t\t\t\t<\/div>\n\t\t\t\t<\/div>\n\t\t<div class=\"elementor-element elementor-element-1a25471 e-con-full e-flex e-con e-child\" data-id=\"1a25471\" data-element_type=\"container\" data-settings=\"{&quot;content_width&quot;:&quot;full&quot;}\">\n\t\t\t\t<div class=\"elementor-element elementor-element-3b0188f elementor-widget elementor-widget-text-editor\" data-id=\"3b0188f\" data-element_type=\"widget\" data-widget_type=\"text-editor.default\">\n\t\t\t\t<div class=\"elementor-widget-container\">\n\t\t\t<style>\/*! elementor - v3.16.0 - 20-09-2023 *\/\n.elementor-widget-text-editor.elementor-drop-cap-view-stacked .elementor-drop-cap{background-color:#69727d;color:#fff}.elementor-widget-text-editor.elementor-drop-cap-view-framed .elementor-drop-cap{color:#69727d;border:3px solid;background-color:transparent}.elementor-widget-text-editor:not(.elementor-drop-cap-view-default) .elementor-drop-cap{margin-top:8px}.elementor-widget-text-editor:not(.elementor-drop-cap-view-default) .elementor-drop-cap-letter{width:1em;height:1em}.elementor-widget-text-editor .elementor-drop-cap{float:left;text-align:center;line-height:1;font-size:50px}.elementor-widget-text-editor .elementor-drop-cap-letter{display:inline-block}<\/style>\t\t\t\t<p>Vous estimez que l&#8217;accent circonflexe repr\u00e9sente une<br \/>importante difficult\u00e9 de l&#8217;orthographe du fran\u00e7ais ? Vous<br \/>voulez enfin trouver un moyen \u00e0 la fois efficace et<br \/>ludique pour mieux employer ce signe ? Ce livre tombe<br \/>donc \u00e0 pic !<br \/>L&#8217;auteur a r\u00e9ussi \u00e0 glisser le plus grand nombre de mots<br \/>de notre dictionnaire coiff\u00e9s de ce petit toit \u00e0 travers des<br \/>petit textes pour le moins po\u00e9tiques. L&#8217;accent circonflexe,<br \/>en petit h\u00e9ros ail\u00e9 et z\u00e9l\u00e9, a d\u00e9cid\u00e9, \u00e0 la grande surprise<br \/>des voyelles, de voler au-dessus des mots et d&#8217;horizons<br \/>inattendus. Se serait-il aventur\u00e9 loin du tra\u00eeneau des mots<br \/>s&#8217;il avait su qu&#8217;il volerait au-dessus de mondes peupl\u00e9s<br \/>d&#8217;un bestiaire fabuleux et d&#8217;\u00eatres mythiques ?<br \/>O\u00f9 le conduira sa qu\u00eate ?<br \/>Ce petit ouvrage, qui constitue une v\u00e9ritable innovation,<br \/>explore l&#8217;identit\u00e9 et la particularit\u00e9 typographique de l&#8217;accent<br \/>circonflexe. Des id\u00e9es de jeux et de nombreuses pistes p\u00e9dagogiques vous attendent tout au long des pages.<\/p><p>Illustrations :<span style=\"color: #ff6600;\"><strong> Duf<\/strong><\/span>, <span style=\"color: #ff6600;\"><strong>Yann Le Goaec<\/strong><\/span>, <span style=\"color: #ff6600;\"><strong>Michel Faure<\/strong><\/span>, <span style=\"color: #ff6600;\"><strong>Philippe Garand\u00a0<\/strong><\/span><\/p>\t\t\t\t\t\t<\/div>\n\t\t\t\t<\/div>\n\t\t\t\t<div class=\"elementor-element elementor-element-b839715 elementor-widget elementor-widget-text-editor\" data-id=\"b839715\" data-element_type=\"widget\" data-widget_type=\"text-editor.default\">\n\t\t\t\t<div class=\"elementor-widget-container\">\n\t\t\t\t\t\t\t<p>Code ISBN :<\/p><p>Prix : 10 euros<\/p>\t\t\t\t\t\t<\/div>\n\t\t\t\t<\/div>\n\t\t\t\t<div class=\"elementor-element elementor-element-6365fa2 elementor-align-center elementor-widget elementor-widget-button\" data-id=\"6365fa2\" data-element_type=\"widget\" data-widget_type=\"button.default\">\n\t\t\t\t<div class=\"elementor-widget-container\">\n\t\t\t\t\t<div class=\"elementor-button-wrapper\">\n\t\t\t<a class=\"elementor-button elementor-button-link elementor-size-sm\" href=\"#\">\n\t\t\t\t\t\t<span class=\"elementor-button-content-wrapper\">\n\t\t\t\t\t\t<span class=\"elementor-button-text\">Je commande<\/span>\n\t\t<\/span>\n\t\t\t\t\t<\/a>\n\t\t<\/div>\n\t\t\t\t<\/div>\n\t\t\t\t<\/div>\n\t\t\t\t<\/div>\n\t\t\t\t\t<\/div>\n\t\t\t\t<\/div>\n\t\t\t\t\t\t\t<\/div>\n\t\t","protected":false},"excerpt":{"rendered":"<p>Le petit Peuple de l&#8217;accent circonflexe Vous estimez que l&#8217;accent circonflexe repr\u00e9sente uneimportante difficult\u00e9 de l&#8217;orthographe du fran\u00e7ais ? Vousvoulez enfin trouver un moyen \u00e0 la fois efficace etludique pour mieux employer ce signe ? Ce livre tombedonc \u00e0 pic !L&#8217;auteur a r\u00e9ussi \u00e0 glisser le plus grand nombre de motsde notre dictionnaire coiff\u00e9s de &hellip;<\/p>\n<p class=\"read-more\"> <a class=\"\" href=\"https:\/\/xn--bernard-paquereau-crivain-sic.store\/?page_id=524\"> <span class=\"screen-reader-text\">Le petit Peuple de l&#8217;accent circonflexe<\/span> Read More &raquo;<\/a><\/p>\n","protected":false},"author":1,"featured_media":0,"parent":0,"menu_order":0,"comment_status":"closed","ping_status":"closed","template":"","meta":{"site-sidebar-layout":"no-sidebar","site-content-layout":"","ast-site-content-layout":"full-width-container","site-content-style":"default","site-sidebar-style":"default","ast-global-header-display":"","ast-banner-title-visibility":"","ast-main-header-display":"","ast-hfb-above-header-display":"","ast-hfb-below-header-display":"","ast-hfb-mobile-header-display":"","site-post-title":"disabled","ast-breadcrumbs-content":"","ast-featured-img":"disabled","footer-sml-layout":"","theme-transparent-header-meta":"","adv-header-id-meta":"","stick-header-meta":"","header-above-stick-meta":"","header-main-stick-meta":"","header-below-stick-meta":"","astra-migrate-meta-layouts":"","footnotes":""},"aioseo_notices":[],"_links":{"self":[{"href":"https:\/\/xn--bernard-paquereau-crivain-sic.store\/index.php?rest_route=\/wp\/v2\/pages\/524"}],"collection":[{"href":"https:\/\/xn--bernard-paquereau-crivain-sic.store\/index.php?rest_route=\/wp\/v2\/pages"}],"about":[{"href":"https:\/\/xn--bernard-paquereau-crivain-sic.store\/index.php?rest_route=\/wp\/v2\/types\/page"}],"author":[{"embeddable":true,"href":"https:\/\/xn--bernard-paquereau-crivain-sic.store\/index.php?rest_route=\/wp\/v2\/users\/1"}],"replies":[{"embeddable":true,"href":"https:\/\/xn--bernard-paquereau-crivain-sic.store\/index.php?rest_route=%2Fwp%2Fv2%2Fcomments&post=524"}],"version-history":[{"count":13,"href":"https:\/\/xn--bernard-paquereau-crivain-sic.store\/index.php?rest_route=\/wp\/v2\/pages\/524\/revisions"}],"predecessor-version":[{"id":1093,"href":"https:\/\/xn--bernard-paquereau-crivain-sic.store\/index.php?rest_route=\/wp\/v2\/pages\/524\/revisions\/1093"}],"wp:attachment":[{"href":"https:\/\/xn--bernard-paquereau-crivain-sic.store\/index.php?rest_route=%2Fwp%2Fv2%2Fmedia&parent=524"}],"curies":[{"name":"wp","href":"https:\/\/api.w.org\/{rel}","templated":true}]}}