{"id":522,"date":"2023-10-21T18:53:29","date_gmt":"2023-10-21T16:53:29","guid":{"rendered":"https:\/\/xn--bernard-paquereau-crivain-sic.store\/?page_id=522"},"modified":"2023-12-18T17:22:54","modified_gmt":"2023-12-18T16:22:54","slug":"la-grammaire-potagere","status":"publish","type":"page","link":"https:\/\/xn--bernard-paquereau-crivain-sic.store\/?page_id=522","title":{"rendered":"La Grammaire potag\u00e8re"},"content":{"rendered":"\t\t<div data-elementor-type=\"wp-page\" data-elementor-id=\"522\" class=\"elementor elementor-522\">\n\t\t\t\t\t\t\t<div class=\"elementor-element elementor-element-c46bb73 e-flex e-con-boxed e-con e-parent\" data-id=\"c46bb73\" data-element_type=\"container\" data-settings=\"{&quot;content_width&quot;:&quot;boxed&quot;}\" data-core-v316-plus=\"true\">\n\t\t\t\t\t<div class=\"e-con-inner\">\n\t\t\t\t<div class=\"elementor-element elementor-element-cf0c422 elementor-widget elementor-widget-heading\" data-id=\"cf0c422\" data-element_type=\"widget\" data-widget_type=\"heading.default\">\n\t\t\t\t<div class=\"elementor-widget-container\">\n\t\t\t<style>\/*! elementor - v3.16.0 - 20-09-2023 *\/\n.elementor-heading-title{padding:0;margin:0;line-height:1}.elementor-widget-heading .elementor-heading-title[class*=elementor-size-]>a{color:inherit;font-size:inherit;line-height:inherit}.elementor-widget-heading .elementor-heading-title.elementor-size-small{font-size:15px}.elementor-widget-heading .elementor-heading-title.elementor-size-medium{font-size:19px}.elementor-widget-heading .elementor-heading-title.elementor-size-large{font-size:29px}.elementor-widget-heading .elementor-heading-title.elementor-size-xl{font-size:39px}.elementor-widget-heading .elementor-heading-title.elementor-size-xxl{font-size:59px}<\/style><h2 class=\"elementor-heading-title elementor-size-default\">La Grammaire potag\u00e8re<\/h2>\t\t<\/div>\n\t\t\t\t<\/div>\n\t\t\t\t\t<\/div>\n\t\t\t\t<\/div>\n\t\t<div class=\"elementor-element elementor-element-62c638d e-flex e-con-boxed e-con e-parent\" data-id=\"62c638d\" data-element_type=\"container\" data-settings=\"{&quot;content_width&quot;:&quot;boxed&quot;}\" data-core-v316-plus=\"true\">\n\t\t\t\t\t<div class=\"e-con-inner\">\n\t\t<div class=\"elementor-element elementor-element-60ad8f9 e-con-full e-flex e-con e-child\" data-id=\"60ad8f9\" data-element_type=\"container\" data-settings=\"{&quot;content_width&quot;:&quot;full&quot;}\">\n\t\t\t\t<div class=\"elementor-element elementor-element-8a3fd89 elementor-widget elementor-widget-image\" data-id=\"8a3fd89\" data-element_type=\"widget\" data-widget_type=\"image.default\">\n\t\t\t\t<div class=\"elementor-widget-container\">\n\t\t\t<style>\/*! elementor - v3.16.0 - 20-09-2023 *\/\n.elementor-widget-image{text-align:center}.elementor-widget-image a{display:inline-block}.elementor-widget-image a img[src$=\".svg\"]{width:48px}.elementor-widget-image img{vertical-align:middle;display:inline-block}<\/style>\t\t\t\t\t\t\t\t\t\t\t\t<img decoding=\"async\" loading=\"lazy\" width=\"727\" height=\"1024\" src=\"https:\/\/xn--bernard-paquereau-crivain-sic.store\/wp-content\/uploads\/2023\/12\/Grammairepotagere-727x1024.jpg\" class=\"attachment-large size-large wp-image-979\" alt=\"\" srcset=\"https:\/\/xn--bernard-paquereau-crivain-sic.store\/wp-content\/uploads\/2023\/12\/Grammairepotagere-727x1024.jpg 727w, https:\/\/xn--bernard-paquereau-crivain-sic.store\/wp-content\/uploads\/2023\/12\/Grammairepotagere-213x300.jpg 213w, https:\/\/xn--bernard-paquereau-crivain-sic.store\/wp-content\/uploads\/2023\/12\/Grammairepotagere-600x845.jpg 600w, https:\/\/xn--bernard-paquereau-crivain-sic.store\/wp-content\/uploads\/2023\/12\/Grammairepotagere.jpg 767w\" sizes=\"(max-width: 727px) 100vw, 727px\" \/>\t\t\t\t\t\t\t\t\t\t\t\t\t\t\t<\/div>\n\t\t\t\t<\/div>\n\t\t\t\t<\/div>\n\t\t<div class=\"elementor-element elementor-element-ae2c355 e-con-full e-flex e-con e-child\" data-id=\"ae2c355\" data-element_type=\"container\" data-settings=\"{&quot;content_width&quot;:&quot;full&quot;}\">\n\t\t\t\t<div class=\"elementor-element elementor-element-c256078 elementor-widget elementor-widget-text-editor\" data-id=\"c256078\" data-element_type=\"widget\" data-widget_type=\"text-editor.default\">\n\t\t\t\t<div class=\"elementor-widget-container\">\n\t\t\t<style>\/*! elementor - v3.16.0 - 20-09-2023 *\/\n.elementor-widget-text-editor.elementor-drop-cap-view-stacked .elementor-drop-cap{background-color:#69727d;color:#fff}.elementor-widget-text-editor.elementor-drop-cap-view-framed .elementor-drop-cap{color:#69727d;border:3px solid;background-color:transparent}.elementor-widget-text-editor:not(.elementor-drop-cap-view-default) .elementor-drop-cap{margin-top:8px}.elementor-widget-text-editor:not(.elementor-drop-cap-view-default) .elementor-drop-cap-letter{width:1em;height:1em}.elementor-widget-text-editor .elementor-drop-cap{float:left;text-align:center;line-height:1;font-size:50px}.elementor-widget-text-editor .elementor-drop-cap-letter{display:inline-block}<\/style>\t\t\t\t<p>Vous voulez joindre l&#8217;utile \u00e0 l&#8217;agr\u00e9able ? Vous souhaitez<br \/>mieux conna\u00eetre le monde du jardin tout en cultivant votre<br \/>grammaire ? C&#8217;est possible et ce livre est l\u00e0 pour vous le<br \/>prouver.<br \/>Tout en rep\u00e9rant les diff\u00e9rentes classes de mots (adjectifs,<br \/>adverbes, pronoms, etc.), vous d\u00e9couvrirez le paillage des<br \/>l\u00e9gumes, le troc aux plantes, l&#8217;art du compost, l&#8217;utilit\u00e9 des<br \/>nichoirs, les outils indispensables et parfois trop peu<br \/>connus. Vous ferez aussi connaissance avec des animaux<br \/>au &#8221; verbe &#8221; parfois haut, de pr\u00e9cieux &#8221; auxiliaires &#8221; dont<br \/>le r\u00f4le est &#8220;d\u00e9terminant &#8221; pour votre jardin : h\u00e9risson, l\u00e9zard,<br \/>m\u00e9sange, rouge-gorge, coccinelle, chauve-souris, &#8230; Tout<br \/>ce bestiaire vous surprendra et vous pourriez bien voir<br \/>l&#8217;orvet ou la couleuvre autrement que comme de vilaines<br \/>b\u00eates.<br \/>Un livre de grammaire richement illustr\u00e9 et plein de fra\u00eecheur, \u00e9crit par un jardinier passionn\u00e9 ! &#8221; Contre les bleus<br \/>de l&#8217;\u00e2me, rien de tel que d&#8217;entretenir sa main verte &#8221; !<br \/>se pla\u00eet-il souvent \u00e0 chanter.<br \/>Illustrations :<strong><span style=\"color: #ff6600;\"> Simon Mitteault<\/span><\/strong>,<span style=\"color: #ff6600;\"><strong> Michel Faure<\/strong><\/span>, <span style=\"color: #ff6600;\"><strong>Philippe Garand<\/strong><\/span><\/p>\t\t\t\t\t\t<\/div>\n\t\t\t\t<\/div>\n\t\t\t\t<div class=\"elementor-element elementor-element-68f5758 elementor-widget elementor-widget-text-editor\" data-id=\"68f5758\" data-element_type=\"widget\" data-widget_type=\"text-editor.default\">\n\t\t\t\t<div class=\"elementor-widget-container\">\n\t\t\t\t\t\t\t<p>Code ISBN :<\/p><p>Prix : 10 euros<\/p>\t\t\t\t\t\t<\/div>\n\t\t\t\t<\/div>\n\t\t\t\t<div class=\"elementor-element elementor-element-7395e18 elementor-align-center elementor-widget elementor-widget-button\" data-id=\"7395e18\" data-element_type=\"widget\" data-widget_type=\"button.default\">\n\t\t\t\t<div class=\"elementor-widget-container\">\n\t\t\t\t\t<div class=\"elementor-button-wrapper\">\n\t\t\t<a class=\"elementor-button elementor-button-link elementor-size-sm\" href=\"#\">\n\t\t\t\t\t\t<span class=\"elementor-button-content-wrapper\">\n\t\t\t\t\t\t<span class=\"elementor-button-text\">Je commande <\/span>\n\t\t<\/span>\n\t\t\t\t\t<\/a>\n\t\t<\/div>\n\t\t\t\t<\/div>\n\t\t\t\t<\/div>\n\t\t\t\t<\/div>\n\t\t\t\t\t<\/div>\n\t\t\t\t<\/div>\n\t\t\t\t\t\t\t<\/div>\n\t\t","protected":false},"excerpt":{"rendered":"<p>La Grammaire potag\u00e8re Vous voulez joindre l&#8217;utile \u00e0 l&#8217;agr\u00e9able ? Vous souhaitezmieux conna\u00eetre le monde du jardin tout en cultivant votregrammaire ? C&#8217;est possible et ce livre est l\u00e0 pour vous leprouver.Tout en rep\u00e9rant les diff\u00e9rentes classes de mots (adjectifs,adverbes, pronoms, etc.), vous d\u00e9couvrirez le paillage desl\u00e9gumes, le troc aux plantes, l&#8217;art du compost, l&#8217;utilit\u00e9 &hellip;<\/p>\n<p class=\"read-more\"> <a class=\"\" href=\"https:\/\/xn--bernard-paquereau-crivain-sic.store\/?page_id=522\"> <span class=\"screen-reader-text\">La Grammaire potag\u00e8re<\/span> Read More &raquo;<\/a><\/p>\n","protected":false},"author":1,"featured_media":0,"parent":0,"menu_order":0,"comment_status":"closed","ping_status":"closed","template":"","meta":{"site-sidebar-layout":"no-sidebar","site-content-layout":"","ast-site-content-layout":"full-width-container","site-content-style":"default","site-sidebar-style":"default","ast-global-header-display":"","ast-banner-title-visibility":"","ast-main-header-display":"","ast-hfb-above-header-display":"","ast-hfb-below-header-display":"","ast-hfb-mobile-header-display":"","site-post-title":"disabled","ast-breadcrumbs-content":"","ast-featured-img":"disabled","footer-sml-layout":"","theme-transparent-header-meta":"","adv-header-id-meta":"","stick-header-meta":"","header-above-stick-meta":"","header-main-stick-meta":"","header-below-stick-meta":"","astra-migrate-meta-layouts":"","footnotes":""},"aioseo_notices":[],"_links":{"self":[{"href":"https:\/\/xn--bernard-paquereau-crivain-sic.store\/index.php?rest_route=\/wp\/v2\/pages\/522"}],"collection":[{"href":"https:\/\/xn--bernard-paquereau-crivain-sic.store\/index.php?rest_route=\/wp\/v2\/pages"}],"about":[{"href":"https:\/\/xn--bernard-paquereau-crivain-sic.store\/index.php?rest_route=\/wp\/v2\/types\/page"}],"author":[{"embeddable":true,"href":"https:\/\/xn--bernard-paquereau-crivain-sic.store\/index.php?rest_route=\/wp\/v2\/users\/1"}],"replies":[{"embeddable":true,"href":"https:\/\/xn--bernard-paquereau-crivain-sic.store\/index.php?rest_route=%2Fwp%2Fv2%2Fcomments&post=522"}],"version-history":[{"count":11,"href":"https:\/\/xn--bernard-paquereau-crivain-sic.store\/index.php?rest_route=\/wp\/v2\/pages\/522\/revisions"}],"predecessor-version":[{"id":1067,"href":"https:\/\/xn--bernard-paquereau-crivain-sic.store\/index.php?rest_route=\/wp\/v2\/pages\/522\/revisions\/1067"}],"wp:attachment":[{"href":"https:\/\/xn--bernard-paquereau-crivain-sic.store\/index.php?rest_route=%2Fwp%2Fv2%2Fmedia&parent=522"}],"curies":[{"name":"wp","href":"https:\/\/api.w.org\/{rel}","templated":true}]}}