{"id":518,"date":"2023-10-21T18:52:38","date_gmt":"2023-10-21T16:52:38","guid":{"rendered":"https:\/\/xn--bernard-paquereau-crivain-sic.store\/?page_id=518"},"modified":"2023-12-18T17:16:26","modified_gmt":"2023-12-18T16:16:26","slug":"lorthographe-meme-pas-peur","status":"publish","type":"page","link":"https:\/\/xn--bernard-paquereau-crivain-sic.store\/?page_id=518","title":{"rendered":"L&#8217;Orthographe, m\u00eame pas peur !"},"content":{"rendered":"\t\t<div data-elementor-type=\"wp-page\" data-elementor-id=\"518\" class=\"elementor elementor-518\">\n\t\t\t\t\t\t\t<div class=\"elementor-element elementor-element-56cc727 e-flex e-con-boxed e-con e-parent\" data-id=\"56cc727\" data-element_type=\"container\" data-settings=\"{&quot;content_width&quot;:&quot;boxed&quot;}\" data-core-v316-plus=\"true\">\n\t\t\t\t\t<div class=\"e-con-inner\">\n\t\t\t\t<div class=\"elementor-element elementor-element-888ee32 elementor-widget elementor-widget-heading\" data-id=\"888ee32\" data-element_type=\"widget\" data-widget_type=\"heading.default\">\n\t\t\t\t<div class=\"elementor-widget-container\">\n\t\t\t<style>\/*! elementor - v3.16.0 - 20-09-2023 *\/\n.elementor-heading-title{padding:0;margin:0;line-height:1}.elementor-widget-heading .elementor-heading-title[class*=elementor-size-]>a{color:inherit;font-size:inherit;line-height:inherit}.elementor-widget-heading .elementor-heading-title.elementor-size-small{font-size:15px}.elementor-widget-heading .elementor-heading-title.elementor-size-medium{font-size:19px}.elementor-widget-heading .elementor-heading-title.elementor-size-large{font-size:29px}.elementor-widget-heading .elementor-heading-title.elementor-size-xl{font-size:39px}.elementor-widget-heading .elementor-heading-title.elementor-size-xxl{font-size:59px}<\/style><h2 class=\"elementor-heading-title elementor-size-default\">L'Orthographe, m\u00eame pas peur !<\/h2>\t\t<\/div>\n\t\t\t\t<\/div>\n\t\t\t\t\t<\/div>\n\t\t\t\t<\/div>\n\t\t<div class=\"elementor-element elementor-element-e49a932 e-flex e-con-boxed e-con e-parent\" data-id=\"e49a932\" data-element_type=\"container\" data-settings=\"{&quot;content_width&quot;:&quot;boxed&quot;}\" data-core-v316-plus=\"true\">\n\t\t\t\t\t<div class=\"e-con-inner\">\n\t\t<div class=\"elementor-element elementor-element-239c139 e-con-full e-flex e-con e-child\" data-id=\"239c139\" data-element_type=\"container\" data-settings=\"{&quot;content_width&quot;:&quot;full&quot;}\">\n\t\t\t\t<div class=\"elementor-element elementor-element-f425ee5 elementor-widget elementor-widget-image\" data-id=\"f425ee5\" data-element_type=\"widget\" data-widget_type=\"image.default\">\n\t\t\t\t<div class=\"elementor-widget-container\">\n\t\t\t<style>\/*! elementor - v3.16.0 - 20-09-2023 *\/\n.elementor-widget-image{text-align:center}.elementor-widget-image a{display:inline-block}.elementor-widget-image a img[src$=\".svg\"]{width:48px}.elementor-widget-image img{vertical-align:middle;display:inline-block}<\/style>\t\t\t\t\t\t\t\t\t\t\t\t<img decoding=\"async\" loading=\"lazy\" width=\"697\" height=\"1010\" src=\"https:\/\/xn--bernard-paquereau-crivain-sic.store\/wp-content\/uploads\/2023\/12\/Orthographe.jpg\" class=\"attachment-large size-large wp-image-981\" alt=\"\" srcset=\"https:\/\/xn--bernard-paquereau-crivain-sic.store\/wp-content\/uploads\/2023\/12\/Orthographe.jpg 697w, https:\/\/xn--bernard-paquereau-crivain-sic.store\/wp-content\/uploads\/2023\/12\/Orthographe-207x300.jpg 207w, https:\/\/xn--bernard-paquereau-crivain-sic.store\/wp-content\/uploads\/2023\/12\/Orthographe-600x869.jpg 600w\" sizes=\"(max-width: 697px) 100vw, 697px\" \/>\t\t\t\t\t\t\t\t\t\t\t\t\t\t\t<\/div>\n\t\t\t\t<\/div>\n\t\t\t\t<\/div>\n\t\t<div class=\"elementor-element elementor-element-3d8a43f e-con-full e-flex e-con e-child\" data-id=\"3d8a43f\" data-element_type=\"container\" data-settings=\"{&quot;content_width&quot;:&quot;full&quot;}\">\n\t\t\t\t<div class=\"elementor-element elementor-element-b1398a8 elementor-widget elementor-widget-text-editor\" data-id=\"b1398a8\" data-element_type=\"widget\" data-widget_type=\"text-editor.default\">\n\t\t\t\t<div class=\"elementor-widget-container\">\n\t\t\t<style>\/*! elementor - v3.16.0 - 20-09-2023 *\/\n.elementor-widget-text-editor.elementor-drop-cap-view-stacked .elementor-drop-cap{background-color:#69727d;color:#fff}.elementor-widget-text-editor.elementor-drop-cap-view-framed .elementor-drop-cap{color:#69727d;border:3px solid;background-color:transparent}.elementor-widget-text-editor:not(.elementor-drop-cap-view-default) .elementor-drop-cap{margin-top:8px}.elementor-widget-text-editor:not(.elementor-drop-cap-view-default) .elementor-drop-cap-letter{width:1em;height:1em}.elementor-widget-text-editor .elementor-drop-cap{float:left;text-align:center;line-height:1;font-size:50px}.elementor-widget-text-editor .elementor-drop-cap-letter{display:inline-block}<\/style>\t\t\t\t<p>&#8221; Qui n&#8217;a pas redout\u00e9 la dict\u00e9e de classe et ces listes d&#8217;exceptions d&#8217;une r\u00e8gle orthographique \u00e0 apprendre par c\u0153ur sans<br \/>vraiment y mettre son c\u0153ur ? Qui, absorb\u00e9 par le sens de ce<br \/>qu&#8217;il r\u00e9dige, n&#8217;a pas oubli\u00e9 un accent, h\u00e9sit\u00e9 sur la terminaison<br \/>d&#8217;un adjectif qualificatif ou la pr\u00e9sence d&#8217;une consonne double<br \/>au milieu d&#8217;un nom ? Et le dictionnaire n&#8217;est pas toujours \u00e0<br \/>port\u00e9e de main\u2026 Qui n&#8217;a pas alourdi sa tournure de phrase,<br \/>dans l&#8217;\u00e9crit d&#8217;un examen ou \u00e0 l&#8217;intime d&#8217;un billet doux, pour<br \/>\u00e9viter le pi\u00e8ge d&#8217;un mot ?&#8230; &#8220;<br \/>Gr\u00e2ce aux fables, po\u00e9sies, sayn\u00e8tes et contes de ce livre,<br \/>souhaitons que les difficult\u00e9s du fran\u00e7ais vous deviennent<br \/>moins insurmontables. D\u00e9couvrez des textes inventifs et propices au r\u00eave pour \u00e9viter le cauchemar ! Tout au long des<br \/>pages, rencontrez des animaux et apprivoiser nos &#8221; amis mots &#8221; !<br \/>Au c\u0153ur de chaque histoire, une le\u00e7on de sagesse ou l&#8217;approche<br \/>d&#8217;un th\u00e8me de soci\u00e9t\u00e9 peut s&#8217;offrir \u00e0 votre r\u00e9flexion.<br \/>De nombreuses illustrations apportent une jolie note d&#8217;humour.<br \/>Un jeu de questions\/r\u00e9ponses et un lexique des mots difficiles<br \/>compl\u00e8tent aussi les histoires. Ajoutons enfin qu&#8217;un index des<br \/>notions de langue constituera un plus pour chaque lecteur ou<br \/>chaque enseignant d\u00e9sirant se servir de ce livre comme d&#8217;un<br \/>vade-mecum pour les apprentissages.<br \/>Illustrations :<strong><span style=\"color: #ff6600;\"> Michel Faure<\/span><\/strong> et<strong><span style=\"color: #ff6600;\"> Philippe Garand<\/span><\/strong><\/p>\t\t\t\t\t\t<\/div>\n\t\t\t\t<\/div>\n\t\t\t\t<div class=\"elementor-element elementor-element-fdb8800 elementor-widget elementor-widget-text-editor\" data-id=\"fdb8800\" data-element_type=\"widget\" data-widget_type=\"text-editor.default\">\n\t\t\t\t<div class=\"elementor-widget-container\">\n\t\t\t\t\t\t\t<p>Code ISBN<\/p><p>Prix : 12 euros\u00a0<\/p>\t\t\t\t\t\t<\/div>\n\t\t\t\t<\/div>\n\t\t\t\t<div class=\"elementor-element elementor-element-5485e2c elementor-align-center elementor-widget elementor-widget-button\" data-id=\"5485e2c\" data-element_type=\"widget\" data-widget_type=\"button.default\">\n\t\t\t\t<div class=\"elementor-widget-container\">\n\t\t\t\t\t<div class=\"elementor-button-wrapper\">\n\t\t\t<a class=\"elementor-button elementor-button-link elementor-size-sm\" href=\"#\">\n\t\t\t\t\t\t<span class=\"elementor-button-content-wrapper\">\n\t\t\t\t\t\t<span class=\"elementor-button-text\">Je commande <\/span>\n\t\t<\/span>\n\t\t\t\t\t<\/a>\n\t\t<\/div>\n\t\t\t\t<\/div>\n\t\t\t\t<\/div>\n\t\t\t\t<\/div>\n\t\t\t\t\t<\/div>\n\t\t\t\t<\/div>\n\t\t\t\t\t\t\t<\/div>\n\t\t","protected":false},"excerpt":{"rendered":"<p>L&#8217;Orthographe, m\u00eame pas peur ! &#8221; Qui n&#8217;a pas redout\u00e9 la dict\u00e9e de classe et ces listes d&#8217;exceptions d&#8217;une r\u00e8gle orthographique \u00e0 apprendre par c\u0153ur sansvraiment y mettre son c\u0153ur ? Qui, absorb\u00e9 par le sens de cequ&#8217;il r\u00e9dige, n&#8217;a pas oubli\u00e9 un accent, h\u00e9sit\u00e9 sur la terminaisond&#8217;un adjectif qualificatif ou la pr\u00e9sence d&#8217;une consonne &hellip;<\/p>\n<p class=\"read-more\"> <a class=\"\" href=\"https:\/\/xn--bernard-paquereau-crivain-sic.store\/?page_id=518\"> <span class=\"screen-reader-text\">L&#8217;Orthographe, m\u00eame pas peur !<\/span> Read More &raquo;<\/a><\/p>\n","protected":false},"author":1,"featured_media":0,"parent":0,"menu_order":0,"comment_status":"closed","ping_status":"closed","template":"","meta":{"site-sidebar-layout":"no-sidebar","site-content-layout":"","ast-site-content-layout":"full-width-container","site-content-style":"default","site-sidebar-style":"default","ast-global-header-display":"","ast-banner-title-visibility":"","ast-main-header-display":"","ast-hfb-above-header-display":"","ast-hfb-below-header-display":"","ast-hfb-mobile-header-display":"","site-post-title":"disabled","ast-breadcrumbs-content":"","ast-featured-img":"disabled","footer-sml-layout":"","theme-transparent-header-meta":"","adv-header-id-meta":"","stick-header-meta":"","header-above-stick-meta":"","header-main-stick-meta":"","header-below-stick-meta":"","astra-migrate-meta-layouts":"","footnotes":""},"aioseo_notices":[],"_links":{"self":[{"href":"https:\/\/xn--bernard-paquereau-crivain-sic.store\/index.php?rest_route=\/wp\/v2\/pages\/518"}],"collection":[{"href":"https:\/\/xn--bernard-paquereau-crivain-sic.store\/index.php?rest_route=\/wp\/v2\/pages"}],"about":[{"href":"https:\/\/xn--bernard-paquereau-crivain-sic.store\/index.php?rest_route=\/wp\/v2\/types\/page"}],"author":[{"embeddable":true,"href":"https:\/\/xn--bernard-paquereau-crivain-sic.store\/index.php?rest_route=\/wp\/v2\/users\/1"}],"replies":[{"embeddable":true,"href":"https:\/\/xn--bernard-paquereau-crivain-sic.store\/index.php?rest_route=%2Fwp%2Fv2%2Fcomments&post=518"}],"version-history":[{"count":8,"href":"https:\/\/xn--bernard-paquereau-crivain-sic.store\/index.php?rest_route=\/wp\/v2\/pages\/518\/revisions"}],"predecessor-version":[{"id":1058,"href":"https:\/\/xn--bernard-paquereau-crivain-sic.store\/index.php?rest_route=\/wp\/v2\/pages\/518\/revisions\/1058"}],"wp:attachment":[{"href":"https:\/\/xn--bernard-paquereau-crivain-sic.store\/index.php?rest_route=%2Fwp%2Fv2%2Fmedia&parent=518"}],"curies":[{"name":"wp","href":"https:\/\/api.w.org\/{rel}","templated":true}]}}