{"id":514,"date":"2023-10-21T18:51:23","date_gmt":"2023-10-21T16:51:23","guid":{"rendered":"https:\/\/xn--bernard-paquereau-crivain-sic.store\/?page_id=514"},"modified":"2023-12-18T17:30:21","modified_gmt":"2023-12-18T16:30:21","slug":"la-parole-est-source-deau-vive","status":"publish","type":"page","link":"https:\/\/xn--bernard-paquereau-crivain-sic.store\/?page_id=514","title":{"rendered":"La Parole est source d&#8217;eau vive"},"content":{"rendered":"\t\t<div data-elementor-type=\"wp-page\" data-elementor-id=\"514\" class=\"elementor elementor-514\">\n\t\t\t\t\t\t\t<div class=\"elementor-element elementor-element-2bb5c46 e-flex e-con-boxed e-con e-parent\" data-id=\"2bb5c46\" data-element_type=\"container\" data-settings=\"{&quot;content_width&quot;:&quot;boxed&quot;}\" data-core-v316-plus=\"true\">\n\t\t\t\t\t<div class=\"e-con-inner\">\n\t\t\t\t<div class=\"elementor-element elementor-element-be8324c elementor-widget elementor-widget-heading\" data-id=\"be8324c\" data-element_type=\"widget\" data-widget_type=\"heading.default\">\n\t\t\t\t<div class=\"elementor-widget-container\">\n\t\t\t<style>\/*! elementor - v3.16.0 - 20-09-2023 *\/\n.elementor-heading-title{padding:0;margin:0;line-height:1}.elementor-widget-heading .elementor-heading-title[class*=elementor-size-]>a{color:inherit;font-size:inherit;line-height:inherit}.elementor-widget-heading .elementor-heading-title.elementor-size-small{font-size:15px}.elementor-widget-heading .elementor-heading-title.elementor-size-medium{font-size:19px}.elementor-widget-heading .elementor-heading-title.elementor-size-large{font-size:29px}.elementor-widget-heading .elementor-heading-title.elementor-size-xl{font-size:39px}.elementor-widget-heading .elementor-heading-title.elementor-size-xxl{font-size:59px}<\/style><h2 class=\"elementor-heading-title elementor-size-default\">La Parole est source d 'eau vive<\/h2>\t\t<\/div>\n\t\t\t\t<\/div>\n\t\t\t\t\t<\/div>\n\t\t\t\t<\/div>\n\t\t<div class=\"elementor-element elementor-element-e999ccf e-flex e-con-boxed e-con e-parent\" data-id=\"e999ccf\" data-element_type=\"container\" data-settings=\"{&quot;content_width&quot;:&quot;boxed&quot;}\" data-core-v316-plus=\"true\">\n\t\t\t\t\t<div class=\"e-con-inner\">\n\t\t<div class=\"elementor-element elementor-element-6990227 e-con-full e-flex e-con e-child\" data-id=\"6990227\" data-element_type=\"container\" data-settings=\"{&quot;content_width&quot;:&quot;full&quot;}\">\n\t\t\t\t<div class=\"elementor-element elementor-element-ebdd1b3 elementor-widget elementor-widget-image\" data-id=\"ebdd1b3\" data-element_type=\"widget\" data-widget_type=\"image.default\">\n\t\t\t\t<div class=\"elementor-widget-container\">\n\t\t\t<style>\/*! elementor - v3.16.0 - 20-09-2023 *\/\n.elementor-widget-image{text-align:center}.elementor-widget-image a{display:inline-block}.elementor-widget-image a img[src$=\".svg\"]{width:48px}.elementor-widget-image img{vertical-align:middle;display:inline-block}<\/style>\t\t\t\t\t\t\t\t\t\t\t\t<img decoding=\"async\" loading=\"lazy\" width=\"661\" height=\"1024\" src=\"https:\/\/xn--bernard-paquereau-crivain-sic.store\/wp-content\/uploads\/2023\/12\/LaParoleestsourceeauvive-661x1024.jpg\" class=\"attachment-large size-large wp-image-1068\" alt=\"\" srcset=\"https:\/\/xn--bernard-paquereau-crivain-sic.store\/wp-content\/uploads\/2023\/12\/LaParoleestsourceeauvive-661x1024.jpg 661w, https:\/\/xn--bernard-paquereau-crivain-sic.store\/wp-content\/uploads\/2023\/12\/LaParoleestsourceeauvive-194x300.jpg 194w, https:\/\/xn--bernard-paquereau-crivain-sic.store\/wp-content\/uploads\/2023\/12\/LaParoleestsourceeauvive-600x930.jpg 600w, https:\/\/xn--bernard-paquereau-crivain-sic.store\/wp-content\/uploads\/2023\/12\/LaParoleestsourceeauvive.jpg 697w\" sizes=\"(max-width: 661px) 100vw, 661px\" \/>\t\t\t\t\t\t\t\t\t\t\t\t\t\t\t<\/div>\n\t\t\t\t<\/div>\n\t\t\t\t<\/div>\n\t\t<div class=\"elementor-element elementor-element-38120b7 e-con-full e-flex e-con e-child\" data-id=\"38120b7\" data-element_type=\"container\" data-settings=\"{&quot;content_width&quot;:&quot;full&quot;}\">\n\t\t\t\t<div class=\"elementor-element elementor-element-48787bf elementor-widget elementor-widget-text-editor\" data-id=\"48787bf\" data-element_type=\"widget\" data-widget_type=\"text-editor.default\">\n\t\t\t\t<div class=\"elementor-widget-container\">\n\t\t\t<style>\/*! elementor - v3.16.0 - 20-09-2023 *\/\n.elementor-widget-text-editor.elementor-drop-cap-view-stacked .elementor-drop-cap{background-color:#69727d;color:#fff}.elementor-widget-text-editor.elementor-drop-cap-view-framed .elementor-drop-cap{color:#69727d;border:3px solid;background-color:transparent}.elementor-widget-text-editor:not(.elementor-drop-cap-view-default) .elementor-drop-cap{margin-top:8px}.elementor-widget-text-editor:not(.elementor-drop-cap-view-default) .elementor-drop-cap-letter{width:1em;height:1em}.elementor-widget-text-editor .elementor-drop-cap{float:left;text-align:center;line-height:1;font-size:50px}.elementor-widget-text-editor .elementor-drop-cap-letter{display:inline-block}<\/style>\t\t\t\t<p>Ces textes \u00e0 haute teneur po\u00e9tique s\u2019adressent \u00e0 ceux qui, dans des moments de doutes et d\u2019\u00e9preuves, cherchent une douce \u00e9criture de r\u00e9confort, une parole simple mais profonde. Ces textes rejoignent aussi tous les chercheurs de sens, tous ceux qui interrogent la transcendance\u2026<\/p><p>Compos\u00e9 comme un triptyque, ce recueil fait \u00e9cho \u00e0 ces trois dimensions fortes que sont la foi, la charit\u00e9 et l\u2019esp\u00e9rance, baptis\u00e9es, selon le cheminement spirituel de l\u2019auteur : \u00ab Louanges du Vivant \u00bb, \u00ab Chemins d\u2019empathie \u00bb et \u00ab \u00c0 Bible ouverte \u00bb.<\/p><p>Des \u00e9tudes agronomiques, une formation de psychologue clinicien, quelques ann\u00e9es \u00e0 travailler aupr\u00e8s des plus d\u00e9munis, \u2026, ont forg\u00e9 chez <span style=\"color: #ff6600;\"><strong>Bernard Paquereau<\/strong><\/span> cette \u00e9criture si sensible, si humaine. Il exerce aujourd\u2019hui comme professeur de lettres\u2026<\/p>\t\t\t\t\t\t<\/div>\n\t\t\t\t<\/div>\n\t\t\t\t<div class=\"elementor-element elementor-element-e4d5aeb elementor-widget elementor-widget-text-editor\" data-id=\"e4d5aeb\" data-element_type=\"widget\" data-widget_type=\"text-editor.default\">\n\t\t\t\t<div class=\"elementor-widget-container\">\n\t\t\t\t\t\t\t<p>Code ISBN :\u00a0 2-84573-349-6<\/p><p>Prix\u00a0 : 12 euros<\/p><p>Editeur :<strong><span style=\"color: #ff0000;\"> Parole et Silence<\/span><\/strong>\u00a0<\/p>\t\t\t\t\t\t<\/div>\n\t\t\t\t<\/div>\n\t\t\t\t<div class=\"elementor-element elementor-element-25719bb elementor-align-center elementor-widget elementor-widget-button\" data-id=\"25719bb\" data-element_type=\"widget\" data-widget_type=\"button.default\">\n\t\t\t\t<div class=\"elementor-widget-container\">\n\t\t\t\t\t<div class=\"elementor-button-wrapper\">\n\t\t\t<a class=\"elementor-button elementor-button-link elementor-size-sm\" href=\"#\">\n\t\t\t\t\t\t<span class=\"elementor-button-content-wrapper\">\n\t\t\t\t\t\t<span class=\"elementor-button-text\">Je commande <\/span>\n\t\t<\/span>\n\t\t\t\t\t<\/a>\n\t\t<\/div>\n\t\t\t\t<\/div>\n\t\t\t\t<\/div>\n\t\t\t\t<\/div>\n\t\t\t\t\t<\/div>\n\t\t\t\t<\/div>\n\t\t\t\t\t\t\t<\/div>\n\t\t","protected":false},"excerpt":{"rendered":"<p>La Parole est source d &#8216;eau vive Ces textes \u00e0 haute teneur po\u00e9tique s\u2019adressent \u00e0 ceux qui, dans des moments de doutes et d\u2019\u00e9preuves, cherchent une douce \u00e9criture de r\u00e9confort, une parole simple mais profonde. Ces textes rejoignent aussi tous les chercheurs de sens, tous ceux qui interrogent la transcendance\u2026 Compos\u00e9 comme un triptyque, ce &hellip;<\/p>\n<p class=\"read-more\"> <a class=\"\" href=\"https:\/\/xn--bernard-paquereau-crivain-sic.store\/?page_id=514\"> <span class=\"screen-reader-text\">La Parole est source d&#8217;eau vive<\/span> Read More &raquo;<\/a><\/p>\n","protected":false},"author":1,"featured_media":0,"parent":0,"menu_order":0,"comment_status":"closed","ping_status":"closed","template":"","meta":{"site-sidebar-layout":"no-sidebar","site-content-layout":"","ast-site-content-layout":"full-width-container","site-content-style":"default","site-sidebar-style":"default","ast-global-header-display":"","ast-banner-title-visibility":"","ast-main-header-display":"","ast-hfb-above-header-display":"","ast-hfb-below-header-display":"","ast-hfb-mobile-header-display":"","site-post-title":"disabled","ast-breadcrumbs-content":"","ast-featured-img":"disabled","footer-sml-layout":"","theme-transparent-header-meta":"","adv-header-id-meta":"","stick-header-meta":"","header-above-stick-meta":"","header-main-stick-meta":"","header-below-stick-meta":"","astra-migrate-meta-layouts":"","footnotes":""},"aioseo_notices":[],"_links":{"self":[{"href":"https:\/\/xn--bernard-paquereau-crivain-sic.store\/index.php?rest_route=\/wp\/v2\/pages\/514"}],"collection":[{"href":"https:\/\/xn--bernard-paquereau-crivain-sic.store\/index.php?rest_route=\/wp\/v2\/pages"}],"about":[{"href":"https:\/\/xn--bernard-paquereau-crivain-sic.store\/index.php?rest_route=\/wp\/v2\/types\/page"}],"author":[{"embeddable":true,"href":"https:\/\/xn--bernard-paquereau-crivain-sic.store\/index.php?rest_route=\/wp\/v2\/users\/1"}],"replies":[{"embeddable":true,"href":"https:\/\/xn--bernard-paquereau-crivain-sic.store\/index.php?rest_route=%2Fwp%2Fv2%2Fcomments&post=514"}],"version-history":[{"count":10,"href":"https:\/\/xn--bernard-paquereau-crivain-sic.store\/index.php?rest_route=\/wp\/v2\/pages\/514\/revisions"}],"predecessor-version":[{"id":1080,"href":"https:\/\/xn--bernard-paquereau-crivain-sic.store\/index.php?rest_route=\/wp\/v2\/pages\/514\/revisions\/1080"}],"wp:attachment":[{"href":"https:\/\/xn--bernard-paquereau-crivain-sic.store\/index.php?rest_route=%2Fwp%2Fv2%2Fmedia&parent=514"}],"curies":[{"name":"wp","href":"https:\/\/api.w.org\/{rel}","templated":true}]}}