{"id":510,"date":"2023-10-21T18:49:40","date_gmt":"2023-10-21T16:49:40","guid":{"rendered":"https:\/\/xn--bernard-paquereau-crivain-sic.store\/?page_id=510"},"modified":"2023-12-20T18:49:10","modified_gmt":"2023-12-20T17:49:10","slug":"vers-le-zero-dechet","status":"publish","type":"page","link":"https:\/\/xn--bernard-paquereau-crivain-sic.store\/?page_id=510","title":{"rendered":"Vers le z\u00e9ro d\u00e9chet"},"content":{"rendered":"\t\t<div data-elementor-type=\"wp-page\" data-elementor-id=\"510\" class=\"elementor elementor-510\">\n\t\t\t\t\t\t\t<div class=\"elementor-element elementor-element-32fd364 e-flex e-con-boxed e-con e-parent\" data-id=\"32fd364\" data-element_type=\"container\" data-settings=\"{&quot;content_width&quot;:&quot;boxed&quot;}\" data-core-v316-plus=\"true\">\n\t\t\t\t\t<div class=\"e-con-inner\">\n\t\t\t\t<div class=\"elementor-element elementor-element-b4945a4 elementor-widget elementor-widget-heading\" data-id=\"b4945a4\" data-element_type=\"widget\" data-widget_type=\"heading.default\">\n\t\t\t\t<div class=\"elementor-widget-container\">\n\t\t\t<style>\/*! elementor - v3.16.0 - 20-09-2023 *\/\n.elementor-heading-title{padding:0;margin:0;line-height:1}.elementor-widget-heading .elementor-heading-title[class*=elementor-size-]>a{color:inherit;font-size:inherit;line-height:inherit}.elementor-widget-heading .elementor-heading-title.elementor-size-small{font-size:15px}.elementor-widget-heading .elementor-heading-title.elementor-size-medium{font-size:19px}.elementor-widget-heading .elementor-heading-title.elementor-size-large{font-size:29px}.elementor-widget-heading .elementor-heading-title.elementor-size-xl{font-size:39px}.elementor-widget-heading .elementor-heading-title.elementor-size-xxl{font-size:59px}<\/style><h1 class=\"elementor-heading-title elementor-size-default\">Vers le z\u00e9ro d\u00e9chet. Moins c'est mieux !<\/h1>\t\t<\/div>\n\t\t\t\t<\/div>\n\t\t\t\t<div class=\"elementor-element elementor-element-ef04c6d elementor-widget__width-auto elementor-widget elementor-widget-text-editor\" data-id=\"ef04c6d\" data-element_type=\"widget\" data-widget_type=\"text-editor.default\">\n\t\t\t\t<div class=\"elementor-widget-container\">\n\t\t\t<style>\/*! elementor - v3.16.0 - 20-09-2023 *\/\n.elementor-widget-text-editor.elementor-drop-cap-view-stacked .elementor-drop-cap{background-color:#69727d;color:#fff}.elementor-widget-text-editor.elementor-drop-cap-view-framed .elementor-drop-cap{color:#69727d;border:3px solid;background-color:transparent}.elementor-widget-text-editor:not(.elementor-drop-cap-view-default) .elementor-drop-cap{margin-top:8px}.elementor-widget-text-editor:not(.elementor-drop-cap-view-default) .elementor-drop-cap-letter{width:1em;height:1em}.elementor-widget-text-editor .elementor-drop-cap{float:left;text-align:center;line-height:1;font-size:50px}.elementor-widget-text-editor .elementor-drop-cap-letter{display:inline-block}<\/style>\t\t\t\t<p>La collection &#8220;Les P&#8217;tites Natures&#8221;, parue chez<span style=\"color: #ff0000;\"> <a style=\"color: #ff0000;\" title=\"Geste \u00e9ditions\" href=\"http:\/\/www.gesteditions.com\/metive\/livres\/?page=2\" target=\"_blank\" rel=\"noopener\"><strong>Geste \u00e9ditions<\/strong><\/a><\/span>, est au format de poche et \u00e0 mettre entre toutes les mains. D\u00e9couvrez ici les quatre titres publi\u00e9s, disponibles en librairies et en certaines grandes surfaces ou aupr\u00e8s de l\u2019auteur. Merci \u00e0 <a title=\"Artistes associ\u00e9s\" href=\"https:\/\/xn--bernard-paquereau-crivain-sic.store\/?page_id=19\" target=\"_blank\" rel=\"noopener\"><span style=\"color: #ff6600;\"><strong>Michel Saintillan<\/strong><\/span><\/a> et \u00e0 Fabien Didier, alias<span style=\"color: #ff9900;\"><a style=\"color: #ff9900;\" title=\"Artistes associ\u00e9s\" href=\"https:\/\/xn--bernard-paquereau-crivain-sic.store\/?page_id=19\" target=\"_blank\" rel=\"noopener\"><strong> Str\u00f6m<\/strong><\/a><\/span> pour leurs illustrations remarquables. Merci \u00e0 <a title=\"Romain Naudin\" href=\"https:\/\/www.lanouvellerepublique.fr\/deux-sevres\/commune\/la-creche\/deux-sevres-a-30-ans-la-geste-veut-marcher-sur-ses-deux-jambes\" target=\"_blank\" rel=\"noopener\"><span style=\"color: #ff6600;\"><strong>Romain Naudin<\/strong><\/span><\/a>, \u00e9diteur de Geste \u00e9dition, de nous avoir accord\u00e9 sa confiance. Merci aussi \u00e0 son \u00e9quipe.<\/p>\t\t\t\t\t\t<\/div>\n\t\t\t\t<\/div>\n\t\t\t\t\t<\/div>\n\t\t\t\t<\/div>\n\t\t<div class=\"elementor-element elementor-element-5074c26 e-flex e-con-boxed e-con e-parent\" data-id=\"5074c26\" data-element_type=\"container\" data-settings=\"{&quot;content_width&quot;:&quot;boxed&quot;}\" data-core-v316-plus=\"true\">\n\t\t\t\t\t<div class=\"e-con-inner\">\n\t\t<div class=\"elementor-element elementor-element-6054bb7 e-con-full e-flex e-con e-child\" data-id=\"6054bb7\" data-element_type=\"container\" data-settings=\"{&quot;content_width&quot;:&quot;full&quot;}\">\n\t\t\t\t<div class=\"elementor-element elementor-element-fb03cff elementor-widget elementor-widget-image\" data-id=\"fb03cff\" data-element_type=\"widget\" data-widget_type=\"image.default\">\n\t\t\t\t<div class=\"elementor-widget-container\">\n\t\t\t<style>\/*! elementor - v3.16.0 - 20-09-2023 *\/\n.elementor-widget-image{text-align:center}.elementor-widget-image a{display:inline-block}.elementor-widget-image a img[src$=\".svg\"]{width:48px}.elementor-widget-image img{vertical-align:middle;display:inline-block}<\/style>\t\t\t\t\t\t\t\t\t\t\t\t<img decoding=\"async\" loading=\"lazy\" width=\"648\" height=\"1024\" src=\"https:\/\/xn--bernard-paquereau-crivain-sic.store\/wp-content\/uploads\/2023\/12\/Verslezerodechet-648x1024.jpg\" class=\"attachment-large size-large wp-image-1282\" alt=\"\" srcset=\"https:\/\/xn--bernard-paquereau-crivain-sic.store\/wp-content\/uploads\/2023\/12\/Verslezerodechet-648x1024.jpg 648w, https:\/\/xn--bernard-paquereau-crivain-sic.store\/wp-content\/uploads\/2023\/12\/Verslezerodechet-190x300.jpg 190w, https:\/\/xn--bernard-paquereau-crivain-sic.store\/wp-content\/uploads\/2023\/12\/Verslezerodechet-600x949.jpg 600w, https:\/\/xn--bernard-paquereau-crivain-sic.store\/wp-content\/uploads\/2023\/12\/Verslezerodechet.jpg 683w\" sizes=\"(max-width: 648px) 100vw, 648px\" \/>\t\t\t\t\t\t\t\t\t\t\t\t\t\t\t<\/div>\n\t\t\t\t<\/div>\n\t\t\t\t<\/div>\n\t\t<div class=\"elementor-element elementor-element-c87511f e-con-full e-flex e-con e-child\" data-id=\"c87511f\" data-element_type=\"container\" data-settings=\"{&quot;content_width&quot;:&quot;full&quot;}\">\n\t\t\t\t<div class=\"elementor-element elementor-element-96cadac elementor-widget elementor-widget-text-editor\" data-id=\"96cadac\" data-element_type=\"widget\" data-widget_type=\"text-editor.default\">\n\t\t\t\t<div class=\"elementor-widget-container\">\n\t\t\t\t\t\t\t<p>Comment pouvons-nous r\u00e9duire de plus en plus nos d\u00e9chets ?<br \/>Quels moyens simples et pas trop prises de t\u00eate mettre en place\u00a0?<br \/>La prise de conscience que nous consommons plus qu\u2019il ne faut et que nous polluons trop est dans l\u2019air du temps. Un parfum d\u2019\u00e9cocitoyennet\u00e9 prend peu \u00e0 peu son essor. Ce n\u2019est sans doute ni un hasard ni un pur effet de mode. Les signes prouvant qu\u2019il est temps d\u2019agir chacun \u00e0 notre niveau se multiplient.<br \/>Apprenons par cet ouvrage que nos petits gestes du quotidien permettent d\u2019allier les aspects pratiques et la cr\u00e9ativit\u00e9, autrement dit de joindre l\u2019utile \u00e0 l\u2019agr\u00e9able. En faisant correspondre nos efforts et nos bonnes volont\u00e9s, nous pourrons assur\u00e9ment, tous ensemble, favoriser la transition vers un horizon plus serein.<\/p>\t\t\t\t\t\t<\/div>\n\t\t\t\t<\/div>\n\t\t\t\t<div class=\"elementor-element elementor-element-3d636fc elementor-widget elementor-widget-text-editor\" data-id=\"3d636fc\" data-element_type=\"widget\" data-widget_type=\"text-editor.default\">\n\t\t\t\t<div class=\"elementor-widget-container\">\n\t\t\t\t\t\t\t<p>Code ISBN : 2371090956<\/p><p>Prix : 9.90 \u20ac<\/p>\t\t\t\t\t\t<\/div>\n\t\t\t\t<\/div>\n\t\t\t\t<div class=\"elementor-element elementor-element-06e21b5 elementor-align-center elementor-widget elementor-widget-button\" data-id=\"06e21b5\" data-element_type=\"widget\" data-widget_type=\"button.default\">\n\t\t\t\t<div class=\"elementor-widget-container\">\n\t\t\t\t\t<div class=\"elementor-button-wrapper\">\n\t\t\t<a class=\"elementor-button elementor-button-link elementor-size-sm\" href=\"#\">\n\t\t\t\t\t\t<span class=\"elementor-button-content-wrapper\">\n\t\t\t\t\t\t<span class=\"elementor-button-text\">Je commande <\/span>\n\t\t<\/span>\n\t\t\t\t\t<\/a>\n\t\t<\/div>\n\t\t\t\t<\/div>\n\t\t\t\t<\/div>\n\t\t\t\t<\/div>\n\t\t\t\t\t<\/div>\n\t\t\t\t<\/div>\n\t\t\t\t\t\t\t<\/div>\n\t\t","protected":false},"excerpt":{"rendered":"<p>Vers le z\u00e9ro d\u00e9chet. Moins c&#8217;est mieux ! La collection &#8220;Les P&#8217;tites Natures&#8221;, parue chez Geste \u00e9ditions, est au format de poche et \u00e0 mettre entre toutes les mains. D\u00e9couvrez ici les quatre titres publi\u00e9s, disponibles en librairies et en certaines grandes surfaces ou aupr\u00e8s de l\u2019auteur. Merci \u00e0 Michel Saintillan et \u00e0 Fabien Didier, &hellip;<\/p>\n<p class=\"read-more\"> <a class=\"\" href=\"https:\/\/xn--bernard-paquereau-crivain-sic.store\/?page_id=510\"> <span class=\"screen-reader-text\">Vers le z\u00e9ro d\u00e9chet<\/span> Read More &raquo;<\/a><\/p>\n","protected":false},"author":1,"featured_media":0,"parent":0,"menu_order":0,"comment_status":"closed","ping_status":"closed","template":"","meta":{"site-sidebar-layout":"no-sidebar","site-content-layout":"","ast-site-content-layout":"full-width-container","site-content-style":"default","site-sidebar-style":"default","ast-global-header-display":"","ast-banner-title-visibility":"","ast-main-header-display":"","ast-hfb-above-header-display":"","ast-hfb-below-header-display":"","ast-hfb-mobile-header-display":"","site-post-title":"disabled","ast-breadcrumbs-content":"","ast-featured-img":"disabled","footer-sml-layout":"","theme-transparent-header-meta":"","adv-header-id-meta":"","stick-header-meta":"","header-above-stick-meta":"","header-main-stick-meta":"","header-below-stick-meta":"","astra-migrate-meta-layouts":"","footnotes":""},"aioseo_notices":[],"_links":{"self":[{"href":"https:\/\/xn--bernard-paquereau-crivain-sic.store\/index.php?rest_route=\/wp\/v2\/pages\/510"}],"collection":[{"href":"https:\/\/xn--bernard-paquereau-crivain-sic.store\/index.php?rest_route=\/wp\/v2\/pages"}],"about":[{"href":"https:\/\/xn--bernard-paquereau-crivain-sic.store\/index.php?rest_route=\/wp\/v2\/types\/page"}],"author":[{"embeddable":true,"href":"https:\/\/xn--bernard-paquereau-crivain-sic.store\/index.php?rest_route=\/wp\/v2\/users\/1"}],"replies":[{"embeddable":true,"href":"https:\/\/xn--bernard-paquereau-crivain-sic.store\/index.php?rest_route=%2Fwp%2Fv2%2Fcomments&post=510"}],"version-history":[{"count":52,"href":"https:\/\/xn--bernard-paquereau-crivain-sic.store\/index.php?rest_route=\/wp\/v2\/pages\/510\/revisions"}],"predecessor-version":[{"id":1318,"href":"https:\/\/xn--bernard-paquereau-crivain-sic.store\/index.php?rest_route=\/wp\/v2\/pages\/510\/revisions\/1318"}],"wp:attachment":[{"href":"https:\/\/xn--bernard-paquereau-crivain-sic.store\/index.php?rest_route=%2Fwp%2Fv2%2Fmedia&parent=510"}],"curies":[{"name":"wp","href":"https:\/\/api.w.org\/{rel}","templated":true}]}}