{"id":478,"date":"2023-10-21T18:36:58","date_gmt":"2023-10-21T16:36:58","guid":{"rendered":"https:\/\/xn--bernard-paquereau-crivain-sic.store\/?page_id=478"},"modified":"2023-12-18T18:39:26","modified_gmt":"2023-12-18T17:39:26","slug":"reconnaitre-les-plantes-aromatiques-r","status":"publish","type":"page","link":"https:\/\/xn--bernard-paquereau-crivain-sic.store\/?page_id=478","title":{"rendered":"Reconna\u00eetre les plantes aromatiques"},"content":{"rendered":"\t\t<div data-elementor-type=\"wp-page\" data-elementor-id=\"478\" class=\"elementor elementor-478\">\n\t\t\t\t\t\t\t<div class=\"elementor-element elementor-element-5276ad7 e-flex e-con-boxed e-con e-parent\" data-id=\"5276ad7\" data-element_type=\"container\" data-settings=\"{&quot;content_width&quot;:&quot;boxed&quot;}\" data-core-v316-plus=\"true\">\n\t\t\t\t\t<div class=\"e-con-inner\">\n\t\t\t\t<div class=\"elementor-element elementor-element-05b7b00 elementor-widget elementor-widget-text-editor\" data-id=\"05b7b00\" data-element_type=\"widget\" data-widget_type=\"text-editor.default\">\n\t\t\t\t<div class=\"elementor-widget-container\">\n\t\t\t<style>\/*! elementor - v3.16.0 - 20-09-2023 *\/\n.elementor-widget-text-editor.elementor-drop-cap-view-stacked .elementor-drop-cap{background-color:#69727d;color:#fff}.elementor-widget-text-editor.elementor-drop-cap-view-framed .elementor-drop-cap{color:#69727d;border:3px solid;background-color:transparent}.elementor-widget-text-editor:not(.elementor-drop-cap-view-default) .elementor-drop-cap{margin-top:8px}.elementor-widget-text-editor:not(.elementor-drop-cap-view-default) .elementor-drop-cap-letter{width:1em;height:1em}.elementor-widget-text-editor .elementor-drop-cap{float:left;text-align:center;line-height:1;font-size:50px}.elementor-widget-text-editor .elementor-drop-cap-letter{display:inline-block}<\/style>\t\t\t\t<h1>Reconna\u00eetre les plantes aromatiques<\/h1>\t\t\t\t\t\t<\/div>\n\t\t\t\t<\/div>\n\t\t\t\t\t<\/div>\n\t\t\t\t<\/div>\n\t\t<div class=\"elementor-element elementor-element-8ae791d e-flex e-con-boxed e-con e-parent\" data-id=\"8ae791d\" data-element_type=\"container\" data-settings=\"{&quot;content_width&quot;:&quot;boxed&quot;}\" data-core-v316-plus=\"true\">\n\t\t\t\t\t<div class=\"e-con-inner\">\n\t\t<div class=\"elementor-element elementor-element-3c63e5f e-con-full e-flex e-con e-child\" data-id=\"3c63e5f\" data-element_type=\"container\" data-settings=\"{&quot;content_width&quot;:&quot;full&quot;}\">\n\t\t\t\t<div class=\"elementor-element elementor-element-e08b036 elementor-widget elementor-widget-image\" data-id=\"e08b036\" data-element_type=\"widget\" data-widget_type=\"image.default\">\n\t\t\t\t<div class=\"elementor-widget-container\">\n\t\t\t<style>\/*! elementor - v3.16.0 - 20-09-2023 *\/\n.elementor-widget-image{text-align:center}.elementor-widget-image a{display:inline-block}.elementor-widget-image a img[src$=\".svg\"]{width:48px}.elementor-widget-image img{vertical-align:middle;display:inline-block}<\/style>\t\t\t\t\t\t\t\t\t\t\t\t<img decoding=\"async\" loading=\"lazy\" width=\"722\" height=\"1024\" src=\"https:\/\/xn--bernard-paquereau-crivain-sic.store\/wp-content\/uploads\/2023\/12\/Couv-Plantes-aromatiques2-1-722x1024.jpeg\" class=\"attachment-large size-large wp-image-956\" alt=\"\" srcset=\"https:\/\/xn--bernard-paquereau-crivain-sic.store\/wp-content\/uploads\/2023\/12\/Couv-Plantes-aromatiques2-1-722x1024.jpeg 722w, https:\/\/xn--bernard-paquereau-crivain-sic.store\/wp-content\/uploads\/2023\/12\/Couv-Plantes-aromatiques2-1-211x300.jpeg 211w, https:\/\/xn--bernard-paquereau-crivain-sic.store\/wp-content\/uploads\/2023\/12\/Couv-Plantes-aromatiques2-1-768x1090.jpeg 768w, https:\/\/xn--bernard-paquereau-crivain-sic.store\/wp-content\/uploads\/2023\/12\/Couv-Plantes-aromatiques2-1-600x851.jpeg 600w, https:\/\/xn--bernard-paquereau-crivain-sic.store\/wp-content\/uploads\/2023\/12\/Couv-Plantes-aromatiques2-1.jpeg 902w\" sizes=\"(max-width: 722px) 100vw, 722px\" \/>\t\t\t\t\t\t\t\t\t\t\t\t\t\t\t<\/div>\n\t\t\t\t<\/div>\n\t\t\t\t<\/div>\n\t\t<div class=\"elementor-element elementor-element-415e5be e-con-full e-flex e-con e-child\" data-id=\"415e5be\" data-element_type=\"container\" data-settings=\"{&quot;content_width&quot;:&quot;full&quot;}\">\n\t\t\t\t<div class=\"elementor-element elementor-element-9e374ef elementor-widget elementor-widget-text-editor\" data-id=\"9e374ef\" data-element_type=\"widget\" data-widget_type=\"text-editor.default\">\n\t\t\t\t<div class=\"elementor-widget-container\">\n\t\t\t\t\t\t\t<p>Les herbes aromatiques offrent une jolie palette de saveurs et de senteurs. Leurs vertus m\u00e9dicinales tout autant que nutritionnelles sont souvent surprenantes. Certaines se cueillent \u00e0 l\u2019\u00e9tat sauvage tandis que d\u2019autres deviennent de v\u00e9ritables plantes compagnes dans nos jardins. Avec elles, il est aussi possible d\u2019embellir nos balcons. \u00c0 port\u00e9e de mains sur le rebord des fen\u00eatres, elles sauront apporter leur fra\u00eecheur et mettre du soleil dans les plats.<br \/>Ce livre vous propose de d\u00e9couvrir les aromatiques essentielles, faciles \u00e0 trouver ou \u00e0 cultiver, celles du fameux bouquet garni (thym, laurier-sauce, persil,sarriette, estragon, sauge&#8230;) mais \u00e9galement d\u2019autres qui sauront vous\u00a0 surprendre, vous ou vos invit\u00e9s. M\u00e9ritant mieux qu\u2019un simple saupoudrage, elles ont vocation d\u2019\u00eatre des ingr\u00e9dients incontournables dans les pr\u00e9parations culinaires.<br \/>L\u2019auteur pr\u00e9sente quelques astuces ou des gestes de bon sens pour installer, r\u00e9colter, conserver et cuisiner ces plantes au fil de saisons. Il vous raconte encore leur importance \u00e0 travers les \u00e2ges et surtout leur place insoup\u00e7onn\u00e9e dans notre imaginaire collectif.\u00a0 *Plus de 120 photos en couleurs<\/p>\t\t\t\t\t\t<\/div>\n\t\t\t\t<\/div>\n\t\t\t\t<div class=\"elementor-element elementor-element-162c3a4 elementor-widget elementor-widget-text-editor\" data-id=\"162c3a4\" data-element_type=\"widget\" data-widget_type=\"text-editor.default\">\n\t\t\t\t<div class=\"elementor-widget-container\">\n\t\t\t\t\t\t\t<p style=\"text-align: left;\"><span style=\"font-size: 16px; font-style: normal; font-weight: 400;\">Code ISBN :\u00a0<\/span><\/p><p style=\"text-align: left;\"><span style=\"font-size: 16px; font-style: normal; font-weight: 400;\">Prix : 25 euros.<\/span><\/p>\t\t\t\t\t\t<\/div>\n\t\t\t\t<\/div>\n\t\t\t\t<div class=\"elementor-element elementor-element-2fdeff8 elementor-align-center elementor-widget elementor-widget-button\" data-id=\"2fdeff8\" data-element_type=\"widget\" data-widget_type=\"button.default\">\n\t\t\t\t<div class=\"elementor-widget-container\">\n\t\t\t\t\t<div class=\"elementor-button-wrapper\">\n\t\t\t<a class=\"elementor-button elementor-button-link elementor-size-sm\" href=\"#\">\n\t\t\t\t\t\t<span class=\"elementor-button-content-wrapper\">\n\t\t\t\t\t\t<span class=\"elementor-button-text\">Je commande <\/span>\n\t\t<\/span>\n\t\t\t\t\t<\/a>\n\t\t<\/div>\n\t\t\t\t<\/div>\n\t\t\t\t<\/div>\n\t\t\t\t<\/div>\n\t\t\t\t\t<\/div>\n\t\t\t\t<\/div>\n\t\t<div class=\"elementor-element elementor-element-b2d7f1c e-flex e-con-boxed e-con e-parent\" data-id=\"b2d7f1c\" data-element_type=\"container\" data-settings=\"{&quot;content_width&quot;:&quot;boxed&quot;}\" data-core-v316-plus=\"true\">\n\t\t\t\t\t<div class=\"e-con-inner\">\n\t\t<div class=\"elementor-element elementor-element-7c4ce0e e-con-full e-flex e-con e-child\" data-id=\"7c4ce0e\" data-element_type=\"container\" data-settings=\"{&quot;content_width&quot;:&quot;full&quot;}\">\n\t\t\t\t<div class=\"elementor-element elementor-element-6655249 elementor-widget elementor-widget-image\" data-id=\"6655249\" data-element_type=\"widget\" data-widget_type=\"image.default\">\n\t\t\t\t<div class=\"elementor-widget-container\">\n\t\t\t\t\t\t\t\t\t\t\t\t\t\t\t<img decoding=\"async\" loading=\"lazy\" width=\"768\" height=\"1024\" src=\"https:\/\/xn--bernard-paquereau-crivain-sic.store\/wp-content\/uploads\/2023\/12\/IMG_20230115_094010-768x1024.jpg\" class=\"attachment-large size-large wp-image-1177\" alt=\"\" srcset=\"https:\/\/xn--bernard-paquereau-crivain-sic.store\/wp-content\/uploads\/2023\/12\/IMG_20230115_094010-768x1024.jpg 768w, https:\/\/xn--bernard-paquereau-crivain-sic.store\/wp-content\/uploads\/2023\/12\/IMG_20230115_094010-225x300.jpg 225w, https:\/\/xn--bernard-paquereau-crivain-sic.store\/wp-content\/uploads\/2023\/12\/IMG_20230115_094010-1152x1536.jpg 1152w, https:\/\/xn--bernard-paquereau-crivain-sic.store\/wp-content\/uploads\/2023\/12\/IMG_20230115_094010-1536x2048.jpg 1536w, https:\/\/xn--bernard-paquereau-crivain-sic.store\/wp-content\/uploads\/2023\/12\/IMG_20230115_094010-600x800.jpg 600w, https:\/\/xn--bernard-paquereau-crivain-sic.store\/wp-content\/uploads\/2023\/12\/IMG_20230115_094010-scaled.jpg 1920w\" sizes=\"(max-width: 768px) 100vw, 768px\" \/>\t\t\t\t\t\t\t\t\t\t\t\t\t\t\t<\/div>\n\t\t\t\t<\/div>\n\t\t\t\t<\/div>\n\t\t\t\t<div class=\"elementor-element elementor-element-da1f4d2 elementor-widget elementor-widget-image\" data-id=\"da1f4d2\" data-element_type=\"widget\" data-widget_type=\"image.default\">\n\t\t\t\t<div class=\"elementor-widget-container\">\n\t\t\t\t\t\t\t\t\t\t\t\t\t\t\t<img decoding=\"async\" loading=\"lazy\" width=\"1024\" height=\"1004\" src=\"https:\/\/xn--bernard-paquereau-crivain-sic.store\/wp-content\/uploads\/2023\/12\/Aiolipage198-1024x1004.jpg\" class=\"attachment-large size-large wp-image-1180\" alt=\"\" srcset=\"https:\/\/xn--bernard-paquereau-crivain-sic.store\/wp-content\/uploads\/2023\/12\/Aiolipage198-1024x1004.jpg 1024w, https:\/\/xn--bernard-paquereau-crivain-sic.store\/wp-content\/uploads\/2023\/12\/Aiolipage198-300x294.jpg 300w, https:\/\/xn--bernard-paquereau-crivain-sic.store\/wp-content\/uploads\/2023\/12\/Aiolipage198-768x753.jpg 768w, https:\/\/xn--bernard-paquereau-crivain-sic.store\/wp-content\/uploads\/2023\/12\/Aiolipage198-1536x1505.jpg 1536w, https:\/\/xn--bernard-paquereau-crivain-sic.store\/wp-content\/uploads\/2023\/12\/Aiolipage198-2048x2007.jpg 2048w, https:\/\/xn--bernard-paquereau-crivain-sic.store\/wp-content\/uploads\/2023\/12\/Aiolipage198-600x588.jpg 600w\" sizes=\"(max-width: 1024px) 100vw, 1024px\" \/>\t\t\t\t\t\t\t\t\t\t\t\t\t\t\t<\/div>\n\t\t\t\t<\/div>\n\t\t\t\t\t<\/div>\n\t\t\t\t<\/div>\n\t\t\t\t\t\t\t<\/div>\n\t\t","protected":false},"excerpt":{"rendered":"<p>Reconna\u00eetre les plantes aromatiques Les herbes aromatiques offrent une jolie palette de saveurs et de senteurs. Leurs vertus m\u00e9dicinales tout autant que nutritionnelles sont souvent surprenantes. Certaines se cueillent \u00e0 l\u2019\u00e9tat sauvage tandis que d\u2019autres deviennent de v\u00e9ritables plantes compagnes dans nos jardins. Avec elles, il est aussi possible d\u2019embellir nos balcons. \u00c0 port\u00e9e de &hellip;<\/p>\n<p class=\"read-more\"> <a class=\"\" href=\"https:\/\/xn--bernard-paquereau-crivain-sic.store\/?page_id=478\"> <span class=\"screen-reader-text\">Reconna\u00eetre les plantes aromatiques<\/span> Read More &raquo;<\/a><\/p>\n","protected":false},"author":1,"featured_media":0,"parent":0,"menu_order":0,"comment_status":"closed","ping_status":"closed","template":"","meta":{"site-sidebar-layout":"no-sidebar","site-content-layout":"","ast-site-content-layout":"full-width-container","site-content-style":"default","site-sidebar-style":"default","ast-global-header-display":"","ast-banner-title-visibility":"","ast-main-header-display":"","ast-hfb-above-header-display":"","ast-hfb-below-header-display":"","ast-hfb-mobile-header-display":"","site-post-title":"disabled","ast-breadcrumbs-content":"","ast-featured-img":"disabled","footer-sml-layout":"","theme-transparent-header-meta":"","adv-header-id-meta":"","stick-header-meta":"","header-above-stick-meta":"","header-main-stick-meta":"","header-below-stick-meta":"","astra-migrate-meta-layouts":"","footnotes":""},"aioseo_notices":[],"_links":{"self":[{"href":"https:\/\/xn--bernard-paquereau-crivain-sic.store\/index.php?rest_route=\/wp\/v2\/pages\/478"}],"collection":[{"href":"https:\/\/xn--bernard-paquereau-crivain-sic.store\/index.php?rest_route=\/wp\/v2\/pages"}],"about":[{"href":"https:\/\/xn--bernard-paquereau-crivain-sic.store\/index.php?rest_route=\/wp\/v2\/types\/page"}],"author":[{"embeddable":true,"href":"https:\/\/xn--bernard-paquereau-crivain-sic.store\/index.php?rest_route=\/wp\/v2\/users\/1"}],"replies":[{"embeddable":true,"href":"https:\/\/xn--bernard-paquereau-crivain-sic.store\/index.php?rest_route=%2Fwp%2Fv2%2Fcomments&post=478"}],"version-history":[{"count":32,"href":"https:\/\/xn--bernard-paquereau-crivain-sic.store\/index.php?rest_route=\/wp\/v2\/pages\/478\/revisions"}],"predecessor-version":[{"id":1183,"href":"https:\/\/xn--bernard-paquereau-crivain-sic.store\/index.php?rest_route=\/wp\/v2\/pages\/478\/revisions\/1183"}],"wp:attachment":[{"href":"https:\/\/xn--bernard-paquereau-crivain-sic.store\/index.php?rest_route=%2Fwp%2Fv2%2Fmedia&parent=478"}],"curies":[{"name":"wp","href":"https:\/\/api.w.org\/{rel}","templated":true}]}}