{"id":477,"date":"2023-10-21T18:36:58","date_gmt":"2023-10-21T16:36:58","guid":{"rendered":"https:\/\/xn--bernard-paquereau-crivain-sic.store\/?page_id=477"},"modified":"2023-12-18T17:49:04","modified_gmt":"2023-12-18T16:49:04","slug":"le-sud-ouest-la-vie-du-bon-cote","status":"publish","type":"page","link":"https:\/\/xn--bernard-paquereau-crivain-sic.store\/?page_id=477","title":{"rendered":"Le Sud-Ouest. La vie du bon c\u00f4t\u00e9"},"content":{"rendered":"\t\t<div data-elementor-type=\"wp-page\" data-elementor-id=\"477\" class=\"elementor elementor-477\">\n\t\t\t\t\t\t\t<div class=\"elementor-element elementor-element-96aabef e-flex e-con-boxed e-con e-parent\" data-id=\"96aabef\" data-element_type=\"container\" data-settings=\"{&quot;content_width&quot;:&quot;boxed&quot;}\" data-core-v316-plus=\"true\">\n\t\t\t\t\t<div class=\"e-con-inner\">\n\t\t\t\t<div class=\"elementor-element elementor-element-915a31a elementor-widget elementor-widget-heading\" data-id=\"915a31a\" data-element_type=\"widget\" data-widget_type=\"heading.default\">\n\t\t\t\t<div class=\"elementor-widget-container\">\n\t\t\t<style>\/*! elementor - v3.16.0 - 20-09-2023 *\/\n.elementor-heading-title{padding:0;margin:0;line-height:1}.elementor-widget-heading .elementor-heading-title[class*=elementor-size-]>a{color:inherit;font-size:inherit;line-height:inherit}.elementor-widget-heading .elementor-heading-title.elementor-size-small{font-size:15px}.elementor-widget-heading .elementor-heading-title.elementor-size-medium{font-size:19px}.elementor-widget-heading .elementor-heading-title.elementor-size-large{font-size:29px}.elementor-widget-heading .elementor-heading-title.elementor-size-xl{font-size:39px}.elementor-widget-heading .elementor-heading-title.elementor-size-xxl{font-size:59px}<\/style><h2 class=\"elementor-heading-title elementor-size-default\">Une autre fa\u00e7on de visiter ou revisiter cette r\u00e9gion<\/h2>\t\t<\/div>\n\t\t\t\t<\/div>\n\t\t\t\t\t<\/div>\n\t\t\t\t<\/div>\n\t\t<div class=\"elementor-element elementor-element-06cb960 e-flex e-con-boxed e-con e-parent\" data-id=\"06cb960\" data-element_type=\"container\" data-settings=\"{&quot;content_width&quot;:&quot;boxed&quot;}\" data-core-v316-plus=\"true\">\n\t\t\t\t\t<div class=\"e-con-inner\">\n\t\t<div class=\"elementor-element elementor-element-7166d3c e-con-full e-flex e-con e-child\" data-id=\"7166d3c\" data-element_type=\"container\" data-settings=\"{&quot;content_width&quot;:&quot;full&quot;}\">\n\t\t\t\t<div class=\"elementor-element elementor-element-aecaccf elementor-widget elementor-widget-image\" data-id=\"aecaccf\" data-element_type=\"widget\" data-widget_type=\"image.default\">\n\t\t\t\t<div class=\"elementor-widget-container\">\n\t\t\t<style>\/*! elementor - v3.16.0 - 20-09-2023 *\/\n.elementor-widget-image{text-align:center}.elementor-widget-image a{display:inline-block}.elementor-widget-image a img[src$=\".svg\"]{width:48px}.elementor-widget-image img{vertical-align:middle;display:inline-block}<\/style>\t\t\t\t\t\t\t\t\t\t\t\t<img decoding=\"async\" loading=\"lazy\" width=\"800\" height=\"800\" src=\"https:\/\/xn--bernard-paquereau-crivain-sic.store\/wp-content\/uploads\/2023\/12\/Le-Sud-Ouestcouv.-definitive.png\" class=\"attachment-large size-large wp-image-906\" alt=\"\" srcset=\"https:\/\/xn--bernard-paquereau-crivain-sic.store\/wp-content\/uploads\/2023\/12\/Le-Sud-Ouestcouv.-definitive.png 800w, https:\/\/xn--bernard-paquereau-crivain-sic.store\/wp-content\/uploads\/2023\/12\/Le-Sud-Ouestcouv.-definitive-300x300.png 300w, https:\/\/xn--bernard-paquereau-crivain-sic.store\/wp-content\/uploads\/2023\/12\/Le-Sud-Ouestcouv.-definitive-150x150.png 150w, https:\/\/xn--bernard-paquereau-crivain-sic.store\/wp-content\/uploads\/2023\/12\/Le-Sud-Ouestcouv.-definitive-768x768.png 768w, https:\/\/xn--bernard-paquereau-crivain-sic.store\/wp-content\/uploads\/2023\/12\/Le-Sud-Ouestcouv.-definitive-600x600.png 600w, https:\/\/xn--bernard-paquereau-crivain-sic.store\/wp-content\/uploads\/2023\/12\/Le-Sud-Ouestcouv.-definitive-100x100.png 100w\" sizes=\"(max-width: 800px) 100vw, 800px\" \/>\t\t\t\t\t\t\t\t\t\t\t\t\t\t\t<\/div>\n\t\t\t\t<\/div>\n\t\t\t\t<\/div>\n\t\t<div class=\"elementor-element elementor-element-76d6800 e-con-full e-flex e-con e-child\" data-id=\"76d6800\" data-element_type=\"container\" data-settings=\"{&quot;content_width&quot;:&quot;full&quot;}\">\n\t\t\t\t<div class=\"elementor-element elementor-element-da1eae5 elementor-widget elementor-widget-text-editor\" data-id=\"da1eae5\" data-element_type=\"widget\" data-widget_type=\"text-editor.default\">\n\t\t\t\t<div class=\"elementor-widget-container\">\n\t\t\t<style>\/*! elementor - v3.16.0 - 20-09-2023 *\/\n.elementor-widget-text-editor.elementor-drop-cap-view-stacked .elementor-drop-cap{background-color:#69727d;color:#fff}.elementor-widget-text-editor.elementor-drop-cap-view-framed .elementor-drop-cap{color:#69727d;border:3px solid;background-color:transparent}.elementor-widget-text-editor:not(.elementor-drop-cap-view-default) .elementor-drop-cap{margin-top:8px}.elementor-widget-text-editor:not(.elementor-drop-cap-view-default) .elementor-drop-cap-letter{width:1em;height:1em}.elementor-widget-text-editor .elementor-drop-cap{float:left;text-align:center;line-height:1;font-size:50px}.elementor-widget-text-editor .elementor-drop-cap-letter{display:inline-block}<\/style>\t\t\t\t<p>Du Bassin d&#8217;Arcachon aux Pyr\u00e9n\u00e9es, en passant par le P\u00e9rigord, le Sud-Ouest est un coin de France qui fleure bon le terroir et enchante le c\u0153ur comme l&#8217;estomac de chacun de nous ! M\u00e9langeant ici d\u00e9connades et gasconnades, l&#8217;illustrateu<span style=\"color: #000000;\"><span style=\"color: #333333;\">r<\/span> <span style=\"color: #ff6600;\"><strong>Str\u00f6m<\/strong><\/span><\/span> et son acolyte posent un regard d\u00e9cal\u00e9, vache et tendre \u00e0 la fois.<br \/>Tant\u00f4t incisifs, tant\u00f4t espi\u00e8gles, ils \u00e9pinglent les particularit\u00e9s de ce pays de Cocagne, mais ne dit-on pas qui aime bien, \u201ccharrie\u201c bien ?\u00a0<\/p>\t\t\t\t\t\t<\/div>\n\t\t\t\t<\/div>\n\t\t\t\t<div class=\"elementor-element elementor-element-c4db87f elementor-widget elementor-widget-text-editor\" data-id=\"c4db87f\" data-element_type=\"widget\" data-widget_type=\"text-editor.default\">\n\t\t\t\t<div class=\"elementor-widget-container\">\n\t\t\t\t\t\t\t<p>Code ISBN : 979-10-353-1130-8<\/p><p>Prix : 15 euros<\/p>\t\t\t\t\t\t<\/div>\n\t\t\t\t<\/div>\n\t\t\t\t<div class=\"elementor-element elementor-element-92c5d20 elementor-align-center elementor-widget elementor-widget-button\" data-id=\"92c5d20\" data-element_type=\"widget\" data-widget_type=\"button.default\">\n\t\t\t\t<div class=\"elementor-widget-container\">\n\t\t\t\t\t<div class=\"elementor-button-wrapper\">\n\t\t\t<a class=\"elementor-button elementor-button-link elementor-size-sm\" href=\"#\">\n\t\t\t\t\t\t<span class=\"elementor-button-content-wrapper\">\n\t\t\t\t\t\t<span class=\"elementor-button-text\">Je commande <\/span>\n\t\t<\/span>\n\t\t\t\t\t<\/a>\n\t\t<\/div>\n\t\t\t\t<\/div>\n\t\t\t\t<\/div>\n\t\t\t\t<\/div>\n\t\t\t\t\t<\/div>\n\t\t\t\t<\/div>\n\t\t<div class=\"elementor-element elementor-element-838bcfc e-flex e-con-boxed e-con e-parent\" data-id=\"838bcfc\" data-element_type=\"container\" data-settings=\"{&quot;content_width&quot;:&quot;boxed&quot;}\" data-core-v316-plus=\"true\">\n\t\t\t\t\t<div class=\"e-con-inner\">\n\t\t\t\t<div class=\"elementor-element elementor-element-ce4e825 elementor-widget elementor-widget-heading\" data-id=\"ce4e825\" data-element_type=\"widget\" data-widget_type=\"heading.default\">\n\t\t\t\t<div class=\"elementor-widget-container\">\n\t\t\t<h3 class=\"elementor-heading-title elementor-size-default\">Pour vous donner un avant-go\u00fbt des saveurs du Sud-Ouest,  voici quelques planches \u00e0 se mettre sous la dent. Bon app\u00e9tit.. des yeux !<\/h3>\t\t<\/div>\n\t\t\t\t<\/div>\n\t\t\t\t\t<\/div>\n\t\t\t\t<\/div>\n\t\t<div class=\"elementor-element elementor-element-cfbb986 e-flex e-con-boxed e-con e-parent\" data-id=\"cfbb986\" data-element_type=\"container\" data-settings=\"{&quot;content_width&quot;:&quot;boxed&quot;}\" data-core-v316-plus=\"true\">\n\t\t\t\t\t<div class=\"e-con-inner\">\n\t\t<div class=\"elementor-element elementor-element-e48d90a e-con-full e-flex e-con e-child\" data-id=\"e48d90a\" data-element_type=\"container\" data-settings=\"{&quot;content_width&quot;:&quot;full&quot;}\">\n\t\t\t\t<div class=\"elementor-element elementor-element-f70fa82 elementor-widget elementor-widget-image\" data-id=\"f70fa82\" data-element_type=\"widget\" data-widget_type=\"image.default\">\n\t\t\t\t<div class=\"elementor-widget-container\">\n\t\t\t\t\t\t\t\t\t\t\t\t\t\t\t<img decoding=\"async\" loading=\"lazy\" width=\"866\" height=\"610\" src=\"https:\/\/xn--bernard-paquereau-crivain-sic.store\/wp-content\/uploads\/2023\/12\/Echasses-heron-Dessins-Livre-Sud-Ouest-1.jpg\" class=\"attachment-large size-large wp-image-935\" alt=\"\" srcset=\"https:\/\/xn--bernard-paquereau-crivain-sic.store\/wp-content\/uploads\/2023\/12\/Echasses-heron-Dessins-Livre-Sud-Ouest-1.jpg 866w, https:\/\/xn--bernard-paquereau-crivain-sic.store\/wp-content\/uploads\/2023\/12\/Echasses-heron-Dessins-Livre-Sud-Ouest-1-300x211.jpg 300w, https:\/\/xn--bernard-paquereau-crivain-sic.store\/wp-content\/uploads\/2023\/12\/Echasses-heron-Dessins-Livre-Sud-Ouest-1-768x541.jpg 768w, https:\/\/xn--bernard-paquereau-crivain-sic.store\/wp-content\/uploads\/2023\/12\/Echasses-heron-Dessins-Livre-Sud-Ouest-1-600x423.jpg 600w\" sizes=\"(max-width: 866px) 100vw, 866px\" \/>\t\t\t\t\t\t\t\t\t\t\t\t\t\t\t<\/div>\n\t\t\t\t<\/div>\n\t\t\t\t<\/div>\n\t\t<div class=\"elementor-element elementor-element-b86e0d2 e-con-full e-flex e-con e-child\" data-id=\"b86e0d2\" data-element_type=\"container\" data-settings=\"{&quot;content_width&quot;:&quot;full&quot;}\">\n\t\t\t\t<div class=\"elementor-element elementor-element-33e99ac elementor-widget elementor-widget-image\" data-id=\"33e99ac\" data-element_type=\"widget\" data-widget_type=\"image.default\">\n\t\t\t\t<div class=\"elementor-widget-container\">\n\t\t\t\t\t\t\t\t\t\t\t\t\t\t\t<img decoding=\"async\" loading=\"lazy\" width=\"866\" height=\"610\" src=\"https:\/\/xn--bernard-paquereau-crivain-sic.store\/wp-content\/uploads\/2023\/12\/Echasses-multifonctions-Dessins-Livre-Sud-Ouest-1.jpg\" class=\"attachment-large size-large wp-image-936\" alt=\"\" srcset=\"https:\/\/xn--bernard-paquereau-crivain-sic.store\/wp-content\/uploads\/2023\/12\/Echasses-multifonctions-Dessins-Livre-Sud-Ouest-1.jpg 866w, https:\/\/xn--bernard-paquereau-crivain-sic.store\/wp-content\/uploads\/2023\/12\/Echasses-multifonctions-Dessins-Livre-Sud-Ouest-1-300x211.jpg 300w, https:\/\/xn--bernard-paquereau-crivain-sic.store\/wp-content\/uploads\/2023\/12\/Echasses-multifonctions-Dessins-Livre-Sud-Ouest-1-768x541.jpg 768w, https:\/\/xn--bernard-paquereau-crivain-sic.store\/wp-content\/uploads\/2023\/12\/Echasses-multifonctions-Dessins-Livre-Sud-Ouest-1-600x423.jpg 600w\" sizes=\"(max-width: 866px) 100vw, 866px\" \/>\t\t\t\t\t\t\t\t\t\t\t\t\t\t\t<\/div>\n\t\t\t\t<\/div>\n\t\t\t\t<\/div>\n\t\t\t\t\t<\/div>\n\t\t\t\t<\/div>\n\t\t<div class=\"elementor-element elementor-element-0f97477 e-flex e-con-boxed e-con e-parent\" data-id=\"0f97477\" data-element_type=\"container\" data-settings=\"{&quot;content_width&quot;:&quot;boxed&quot;}\" data-core-v316-plus=\"true\">\n\t\t\t\t\t<div class=\"e-con-inner\">\n\t\t<div class=\"elementor-element elementor-element-2d2f182 e-con-full e-flex e-con e-child\" data-id=\"2d2f182\" data-element_type=\"container\" data-settings=\"{&quot;content_width&quot;:&quot;full&quot;}\">\n\t\t\t\t<div class=\"elementor-element elementor-element-bbb083e elementor-widget elementor-widget-image\" data-id=\"bbb083e\" data-element_type=\"widget\" data-widget_type=\"image.default\">\n\t\t\t\t<div class=\"elementor-widget-container\">\n\t\t\t\t\t\t\t\t\t\t\t\t\t\t\t<img decoding=\"async\" loading=\"lazy\" width=\"866\" height=\"610\" src=\"https:\/\/xn--bernard-paquereau-crivain-sic.store\/wp-content\/uploads\/2023\/12\/Ferias-Dessins-Livre-Sud-Ouest-1.jpg\" class=\"attachment-large size-large wp-image-937\" alt=\"\" srcset=\"https:\/\/xn--bernard-paquereau-crivain-sic.store\/wp-content\/uploads\/2023\/12\/Ferias-Dessins-Livre-Sud-Ouest-1.jpg 866w, https:\/\/xn--bernard-paquereau-crivain-sic.store\/wp-content\/uploads\/2023\/12\/Ferias-Dessins-Livre-Sud-Ouest-1-300x211.jpg 300w, https:\/\/xn--bernard-paquereau-crivain-sic.store\/wp-content\/uploads\/2023\/12\/Ferias-Dessins-Livre-Sud-Ouest-1-768x541.jpg 768w, https:\/\/xn--bernard-paquereau-crivain-sic.store\/wp-content\/uploads\/2023\/12\/Ferias-Dessins-Livre-Sud-Ouest-1-600x423.jpg 600w\" sizes=\"(max-width: 866px) 100vw, 866px\" \/>\t\t\t\t\t\t\t\t\t\t\t\t\t\t\t<\/div>\n\t\t\t\t<\/div>\n\t\t\t\t<\/div>\n\t\t<div class=\"elementor-element elementor-element-0096324 e-con-full e-flex e-con e-child\" data-id=\"0096324\" data-element_type=\"container\" data-settings=\"{&quot;content_width&quot;:&quot;full&quot;}\">\n\t\t\t\t<div class=\"elementor-element elementor-element-b36deaa elementor-widget elementor-widget-image\" data-id=\"b36deaa\" data-element_type=\"widget\" data-widget_type=\"image.default\">\n\t\t\t\t<div class=\"elementor-widget-container\">\n\t\t\t\t\t\t\t\t\t\t\t\t\t\t\t<img decoding=\"async\" loading=\"lazy\" width=\"866\" height=\"610\" src=\"https:\/\/xn--bernard-paquereau-crivain-sic.store\/wp-content\/uploads\/2023\/12\/Fromage-et-plateau-Dessins-Livre-Sud-Ouest-1.jpg\" class=\"attachment-large size-large wp-image-938\" alt=\"\" srcset=\"https:\/\/xn--bernard-paquereau-crivain-sic.store\/wp-content\/uploads\/2023\/12\/Fromage-et-plateau-Dessins-Livre-Sud-Ouest-1.jpg 866w, https:\/\/xn--bernard-paquereau-crivain-sic.store\/wp-content\/uploads\/2023\/12\/Fromage-et-plateau-Dessins-Livre-Sud-Ouest-1-300x211.jpg 300w, https:\/\/xn--bernard-paquereau-crivain-sic.store\/wp-content\/uploads\/2023\/12\/Fromage-et-plateau-Dessins-Livre-Sud-Ouest-1-768x541.jpg 768w, https:\/\/xn--bernard-paquereau-crivain-sic.store\/wp-content\/uploads\/2023\/12\/Fromage-et-plateau-Dessins-Livre-Sud-Ouest-1-600x423.jpg 600w\" sizes=\"(max-width: 866px) 100vw, 866px\" \/>\t\t\t\t\t\t\t\t\t\t\t\t\t\t\t<\/div>\n\t\t\t\t<\/div>\n\t\t\t\t<\/div>\n\t\t\t\t\t<\/div>\n\t\t\t\t<\/div>\n\t\t<div class=\"elementor-element elementor-element-b0d574f e-flex e-con-boxed e-con e-parent\" data-id=\"b0d574f\" data-element_type=\"container\" data-settings=\"{&quot;content_width&quot;:&quot;boxed&quot;}\" data-core-v316-plus=\"true\">\n\t\t\t\t\t<div class=\"e-con-inner\">\n\t\t\t\t\t<\/div>\n\t\t\t\t<\/div>\n\t\t\t\t\t\t\t<\/div>\n\t\t","protected":false},"excerpt":{"rendered":"<p>Une autre fa\u00e7on de visiter ou revisiter cette r\u00e9gion Du Bassin d&#8217;Arcachon aux Pyr\u00e9n\u00e9es, en passant par le P\u00e9rigord, le Sud-Ouest est un coin de France qui fleure bon le terroir et enchante le c\u0153ur comme l&#8217;estomac de chacun de nous ! M\u00e9langeant ici d\u00e9connades et gasconnades, l&#8217;illustrateur Str\u00f6m et son acolyte posent un regard &hellip;<\/p>\n<p class=\"read-more\"> <a class=\"\" href=\"https:\/\/xn--bernard-paquereau-crivain-sic.store\/?page_id=477\"> <span class=\"screen-reader-text\">Le Sud-Ouest. La vie du bon c\u00f4t\u00e9<\/span> Read More &raquo;<\/a><\/p>\n","protected":false},"author":1,"featured_media":0,"parent":0,"menu_order":0,"comment_status":"closed","ping_status":"closed","template":"","meta":{"site-sidebar-layout":"no-sidebar","site-content-layout":"","ast-site-content-layout":"full-width-container","site-content-style":"default","site-sidebar-style":"default","ast-global-header-display":"","ast-banner-title-visibility":"","ast-main-header-display":"","ast-hfb-above-header-display":"","ast-hfb-below-header-display":"","ast-hfb-mobile-header-display":"","site-post-title":"disabled","ast-breadcrumbs-content":"","ast-featured-img":"disabled","footer-sml-layout":"","theme-transparent-header-meta":"","adv-header-id-meta":"","stick-header-meta":"","header-above-stick-meta":"","header-main-stick-meta":"","header-below-stick-meta":"","astra-migrate-meta-layouts":"","footnotes":""},"aioseo_notices":[],"_links":{"self":[{"href":"https:\/\/xn--bernard-paquereau-crivain-sic.store\/index.php?rest_route=\/wp\/v2\/pages\/477"}],"collection":[{"href":"https:\/\/xn--bernard-paquereau-crivain-sic.store\/index.php?rest_route=\/wp\/v2\/pages"}],"about":[{"href":"https:\/\/xn--bernard-paquereau-crivain-sic.store\/index.php?rest_route=\/wp\/v2\/types\/page"}],"author":[{"embeddable":true,"href":"https:\/\/xn--bernard-paquereau-crivain-sic.store\/index.php?rest_route=\/wp\/v2\/users\/1"}],"replies":[{"embeddable":true,"href":"https:\/\/xn--bernard-paquereau-crivain-sic.store\/index.php?rest_route=%2Fwp%2Fv2%2Fcomments&post=477"}],"version-history":[{"count":33,"href":"https:\/\/xn--bernard-paquereau-crivain-sic.store\/index.php?rest_route=\/wp\/v2\/pages\/477\/revisions"}],"predecessor-version":[{"id":1096,"href":"https:\/\/xn--bernard-paquereau-crivain-sic.store\/index.php?rest_route=\/wp\/v2\/pages\/477\/revisions\/1096"}],"wp:attachment":[{"href":"https:\/\/xn--bernard-paquereau-crivain-sic.store\/index.php?rest_route=%2Fwp%2Fv2%2Fmedia&parent=477"}],"curies":[{"name":"wp","href":"https:\/\/api.w.org\/{rel}","templated":true}]}}