{"id":476,"date":"2023-10-21T18:36:57","date_gmt":"2023-10-21T16:36:57","guid":{"rendered":"https:\/\/xn--bernard-paquereau-crivain-sic.store\/?page_id=476"},"modified":"2023-12-18T18:28:51","modified_gmt":"2023-12-18T17:28:51","slug":"petit-manuel-anti-crise","status":"publish","type":"page","link":"https:\/\/xn--bernard-paquereau-crivain-sic.store\/?page_id=476","title":{"rendered":"Petit manuel anti-crise"},"content":{"rendered":"\t\t<div data-elementor-type=\"wp-page\" data-elementor-id=\"476\" class=\"elementor elementor-476\">\n\t\t\t\t\t\t\t<div class=\"elementor-element elementor-element-2572c86 e-flex e-con-boxed e-con e-parent\" data-id=\"2572c86\" data-element_type=\"container\" data-settings=\"{&quot;content_width&quot;:&quot;boxed&quot;}\" data-core-v316-plus=\"true\">\n\t\t\t\t\t<div class=\"e-con-inner\">\n\t\t\t\t<div class=\"elementor-element elementor-element-d60e4f1 elementor-widget elementor-widget-heading\" data-id=\"d60e4f1\" data-element_type=\"widget\" data-widget_type=\"heading.default\">\n\t\t\t\t<div class=\"elementor-widget-container\">\n\t\t\t<style>\/*! elementor - v3.16.0 - 20-09-2023 *\/\n.elementor-heading-title{padding:0;margin:0;line-height:1}.elementor-widget-heading .elementor-heading-title[class*=elementor-size-]>a{color:inherit;font-size:inherit;line-height:inherit}.elementor-widget-heading .elementor-heading-title.elementor-size-small{font-size:15px}.elementor-widget-heading .elementor-heading-title.elementor-size-medium{font-size:19px}.elementor-widget-heading .elementor-heading-title.elementor-size-large{font-size:29px}.elementor-widget-heading .elementor-heading-title.elementor-size-xl{font-size:39px}.elementor-widget-heading .elementor-heading-title.elementor-size-xxl{font-size:59px}<\/style><h2 class=\"elementor-heading-title elementor-size-default\">Petit Manuel anti-crise\n\nD\u00e9penser moins, partager plus <\/h2>\t\t<\/div>\n\t\t\t\t<\/div>\n\t\t\t\t\t<\/div>\n\t\t\t\t<\/div>\n\t\t<div class=\"elementor-element elementor-element-a45380a e-flex e-con-boxed e-con e-parent\" data-id=\"a45380a\" data-element_type=\"container\" data-settings=\"{&quot;content_width&quot;:&quot;boxed&quot;}\" data-core-v316-plus=\"true\">\n\t\t\t\t\t<div class=\"e-con-inner\">\n\t\t<div class=\"elementor-element elementor-element-f527ff0 e-con-full e-flex e-con e-child\" data-id=\"f527ff0\" data-element_type=\"container\" data-settings=\"{&quot;content_width&quot;:&quot;full&quot;}\">\n\t\t\t\t<div class=\"elementor-element elementor-element-8d38315 elementor-widget elementor-widget-image\" data-id=\"8d38315\" data-element_type=\"widget\" data-widget_type=\"image.default\">\n\t\t\t\t<div class=\"elementor-widget-container\">\n\t\t\t<style>\/*! elementor - v3.16.0 - 20-09-2023 *\/\n.elementor-widget-image{text-align:center}.elementor-widget-image a{display:inline-block}.elementor-widget-image a img[src$=\".svg\"]{width:48px}.elementor-widget-image img{vertical-align:middle;display:inline-block}<\/style>\t\t\t\t\t\t\t\t\t\t\t\t<img decoding=\"async\" loading=\"lazy\" width=\"648\" height=\"1024\" src=\"https:\/\/xn--bernard-paquereau-crivain-sic.store\/wp-content\/uploads\/2023\/12\/Couv-Manuel-anti-crise-648x1024.jpeg\" class=\"attachment-large size-large wp-image-901\" alt=\"\" srcset=\"https:\/\/xn--bernard-paquereau-crivain-sic.store\/wp-content\/uploads\/2023\/12\/Couv-Manuel-anti-crise-648x1024.jpeg 648w, https:\/\/xn--bernard-paquereau-crivain-sic.store\/wp-content\/uploads\/2023\/12\/Couv-Manuel-anti-crise-190x300.jpeg 190w, https:\/\/xn--bernard-paquereau-crivain-sic.store\/wp-content\/uploads\/2023\/12\/Couv-Manuel-anti-crise-768x1214.jpeg 768w, https:\/\/xn--bernard-paquereau-crivain-sic.store\/wp-content\/uploads\/2023\/12\/Couv-Manuel-anti-crise-600x948.jpeg 600w, https:\/\/xn--bernard-paquereau-crivain-sic.store\/wp-content\/uploads\/2023\/12\/Couv-Manuel-anti-crise.jpeg 810w\" sizes=\"(max-width: 648px) 100vw, 648px\" \/>\t\t\t\t\t\t\t\t\t\t\t\t\t\t\t<\/div>\n\t\t\t\t<\/div>\n\t\t\t\t<\/div>\n\t\t<div class=\"elementor-element elementor-element-3e2dd6d e-con-full e-flex e-con e-child\" data-id=\"3e2dd6d\" data-element_type=\"container\" data-settings=\"{&quot;content_width&quot;:&quot;full&quot;}\">\n\t\t\t\t<div class=\"elementor-element elementor-element-baf3a5f elementor-widget elementor-widget-text-editor\" data-id=\"baf3a5f\" data-element_type=\"widget\" data-widget_type=\"text-editor.default\">\n\t\t\t\t<div class=\"elementor-widget-container\">\n\t\t\t<style>\/*! elementor - v3.16.0 - 20-09-2023 *\/\n.elementor-widget-text-editor.elementor-drop-cap-view-stacked .elementor-drop-cap{background-color:#69727d;color:#fff}.elementor-widget-text-editor.elementor-drop-cap-view-framed .elementor-drop-cap{color:#69727d;border:3px solid;background-color:transparent}.elementor-widget-text-editor:not(.elementor-drop-cap-view-default) .elementor-drop-cap{margin-top:8px}.elementor-widget-text-editor:not(.elementor-drop-cap-view-default) .elementor-drop-cap-letter{width:1em;height:1em}.elementor-widget-text-editor .elementor-drop-cap{float:left;text-align:center;line-height:1;font-size:50px}.elementor-widget-text-editor .elementor-drop-cap-letter{display:inline-block}<\/style>\t\t\t\t<p>Depuis les Trente Glorieuses, la fi\u00e8vre consum\u00e9riste a envahi les soci\u00e9t\u00e9s occidentales. Acheter toujours plus, l\u2019objet dernier cri aux apparences si changeantes puis le jeter et en chercher encore un autre. Ou encore accumuler, d\u00e9penser sans compter et se retrouver \u00e0 tirer le diable par la queue\u2026 Sous l\u2019effet de la publicit\u00e9 et des soldes, de l\u2019envie d\u2019avoir autant que le voisin, la vanit\u00e9 et les pressions sociales alimentent les sir\u00e8nes \u00e9tourdissantes de la tentation. Le superficiel nous masque pourtant l\u2019essentiel. Et, le moindre de nos achats n\u2019est pas sans impact ou empreinte sur la plan\u00e8te. \u00c9conomie et \u00e9cologie sont intimement li\u00e9es.<br \/>Plus qu\u2019une somme de trucs et astuces pour d\u00e9penser moins, ce petit livre pratique encourage chacun \u00e0 inventer de nouveaux r\u00e9flexes citoyens, \u00e0 d\u00e9velopper des savoir-faire ou des savoir-\u00eatre \u00e0 partager.<br \/>\u00a0Merci \u00e0 <span style=\"color: #ff6600;\"><strong>Michel Saintillan<\/strong><\/span> pour ses illustrations toujours aussi inventives. Merci aussi \u00e0 mon fils <span style=\"color: #ff6600;\"><strong>Baptiste Paquereau<\/strong><\/span>, dipl\u00f4m\u00e9 en sciences sociales (Universit\u00e9 Alboorg \u00e0 Copenhague) avec qui j&#8217;ai pu \u00e9changer et partager, gr\u00e2ce \u00e0 qui j&#8217;ai pu faire \u00e9voluer certains chapitres.<\/p>\t\t\t\t\t\t<\/div>\n\t\t\t\t<\/div>\n\t\t\t\t<div class=\"elementor-element elementor-element-05c4d7f elementor-widget elementor-widget-text-editor\" data-id=\"05c4d7f\" data-element_type=\"widget\" data-widget_type=\"text-editor.default\">\n\t\t\t\t<div class=\"elementor-widget-container\">\n\t\t\t\t\t\t\t<p>Code ISBN : 978-\u00e9-37109-124-5<\/p><p><span style=\"font-size: 16px; font-style: normal; font-weight: 400;\">Prix : 9.9o euros\u00a0<\/span><\/p>\t\t\t\t\t\t<\/div>\n\t\t\t\t<\/div>\n\t\t\t\t<div class=\"elementor-element elementor-element-31cff0f elementor-align-center elementor-widget elementor-widget-button\" data-id=\"31cff0f\" data-element_type=\"widget\" data-widget_type=\"button.default\">\n\t\t\t\t<div class=\"elementor-widget-container\">\n\t\t\t\t\t<div class=\"elementor-button-wrapper\">\n\t\t\t<a class=\"elementor-button elementor-button-link elementor-size-sm\" href=\"#\">\n\t\t\t\t\t\t<span class=\"elementor-button-content-wrapper\">\n\t\t\t\t\t\t<span class=\"elementor-button-text\">Je commande <\/span>\n\t\t<\/span>\n\t\t\t\t\t<\/a>\n\t\t<\/div>\n\t\t\t\t<\/div>\n\t\t\t\t<\/div>\n\t\t\t\t<\/div>\n\t\t\t\t\t<\/div>\n\t\t\t\t<\/div>\n\t\t\t\t\t\t\t<\/div>\n\t\t","protected":false},"excerpt":{"rendered":"<p>Petit Manuel anti-crise D\u00e9penser moins, partager plus Depuis les Trente Glorieuses, la fi\u00e8vre consum\u00e9riste a envahi les soci\u00e9t\u00e9s occidentales. Acheter toujours plus, l\u2019objet dernier cri aux apparences si changeantes puis le jeter et en chercher encore un autre. Ou encore accumuler, d\u00e9penser sans compter et se retrouver \u00e0 tirer le diable par la queue\u2026 Sous &hellip;<\/p>\n<p class=\"read-more\"> <a class=\"\" href=\"https:\/\/xn--bernard-paquereau-crivain-sic.store\/?page_id=476\"> <span class=\"screen-reader-text\">Petit manuel anti-crise<\/span> Read More &raquo;<\/a><\/p>\n","protected":false},"author":1,"featured_media":0,"parent":0,"menu_order":0,"comment_status":"closed","ping_status":"closed","template":"","meta":{"site-sidebar-layout":"no-sidebar","site-content-layout":"","ast-site-content-layout":"full-width-container","site-content-style":"default","site-sidebar-style":"default","ast-global-header-display":"","ast-banner-title-visibility":"","ast-main-header-display":"","ast-hfb-above-header-display":"","ast-hfb-below-header-display":"","ast-hfb-mobile-header-display":"","site-post-title":"disabled","ast-breadcrumbs-content":"","ast-featured-img":"disabled","footer-sml-layout":"","theme-transparent-header-meta":"","adv-header-id-meta":"","stick-header-meta":"","header-above-stick-meta":"","header-main-stick-meta":"","header-below-stick-meta":"","astra-migrate-meta-layouts":"","footnotes":""},"aioseo_notices":[],"_links":{"self":[{"href":"https:\/\/xn--bernard-paquereau-crivain-sic.store\/index.php?rest_route=\/wp\/v2\/pages\/476"}],"collection":[{"href":"https:\/\/xn--bernard-paquereau-crivain-sic.store\/index.php?rest_route=\/wp\/v2\/pages"}],"about":[{"href":"https:\/\/xn--bernard-paquereau-crivain-sic.store\/index.php?rest_route=\/wp\/v2\/types\/page"}],"author":[{"embeddable":true,"href":"https:\/\/xn--bernard-paquereau-crivain-sic.store\/index.php?rest_route=\/wp\/v2\/users\/1"}],"replies":[{"embeddable":true,"href":"https:\/\/xn--bernard-paquereau-crivain-sic.store\/index.php?rest_route=%2Fwp%2Fv2%2Fcomments&post=476"}],"version-history":[{"count":31,"href":"https:\/\/xn--bernard-paquereau-crivain-sic.store\/index.php?rest_route=\/wp\/v2\/pages\/476\/revisions"}],"predecessor-version":[{"id":1156,"href":"https:\/\/xn--bernard-paquereau-crivain-sic.store\/index.php?rest_route=\/wp\/v2\/pages\/476\/revisions\/1156"}],"wp:attachment":[{"href":"https:\/\/xn--bernard-paquereau-crivain-sic.store\/index.php?rest_route=%2Fwp%2Fv2%2Fmedia&parent=476"}],"curies":[{"name":"wp","href":"https:\/\/api.w.org\/{rel}","templated":true}]}}