{"id":475,"date":"2023-10-21T18:36:57","date_gmt":"2023-10-21T16:36:57","guid":{"rendered":"https:\/\/xn--bernard-paquereau-crivain-sic.store\/?page_id=475"},"modified":"2023-12-18T18:15:48","modified_gmt":"2023-12-18T17:15:48","slug":"les-plantes-sauvages","status":"publish","type":"page","link":"https:\/\/xn--bernard-paquereau-crivain-sic.store\/?page_id=475","title":{"rendered":"Les plantes sauvages"},"content":{"rendered":"\t\t<div data-elementor-type=\"wp-page\" data-elementor-id=\"475\" class=\"elementor elementor-475\">\n\t\t\t\t\t\t\t<div class=\"elementor-element elementor-element-c2f9dcb e-flex e-con-boxed e-con e-parent\" data-id=\"c2f9dcb\" data-element_type=\"container\" data-settings=\"{&quot;content_width&quot;:&quot;boxed&quot;}\" data-core-v316-plus=\"true\">\n\t\t\t\t\t<div class=\"e-con-inner\">\n\t\t\t\t<div class=\"elementor-element elementor-element-7e6a7c0 elementor-widget elementor-widget-heading\" data-id=\"7e6a7c0\" data-element_type=\"widget\" data-widget_type=\"heading.default\">\n\t\t\t\t<div class=\"elementor-widget-container\">\n\t\t\t<style>\/*! elementor - v3.16.0 - 20-09-2023 *\/\n.elementor-heading-title{padding:0;margin:0;line-height:1}.elementor-widget-heading .elementor-heading-title[class*=elementor-size-]>a{color:inherit;font-size:inherit;line-height:inherit}.elementor-widget-heading .elementor-heading-title.elementor-size-small{font-size:15px}.elementor-widget-heading .elementor-heading-title.elementor-size-medium{font-size:19px}.elementor-widget-heading .elementor-heading-title.elementor-size-large{font-size:29px}.elementor-widget-heading .elementor-heading-title.elementor-size-xl{font-size:39px}.elementor-widget-heading .elementor-heading-title.elementor-size-xxl{font-size:59px}<\/style><h2 class=\"elementor-heading-title elementor-size-default\">Les plantes sauvages   <\/h2>\t\t<\/div>\n\t\t\t\t<\/div>\n\t\t\t\t\t<\/div>\n\t\t\t\t<\/div>\n\t\t<div class=\"elementor-element elementor-element-df9dcec e-flex e-con-boxed e-con e-parent\" data-id=\"df9dcec\" data-element_type=\"container\" data-settings=\"{&quot;content_width&quot;:&quot;boxed&quot;}\" data-core-v316-plus=\"true\">\n\t\t\t\t\t<div class=\"e-con-inner\">\n\t\t<div class=\"elementor-element elementor-element-b8804a3 e-con-full e-flex e-con e-child\" data-id=\"b8804a3\" data-element_type=\"container\" data-settings=\"{&quot;content_width&quot;:&quot;full&quot;}\">\n\t\t\t\t<div class=\"elementor-element elementor-element-bb350e5 elementor-widget elementor-widget-image\" data-id=\"bb350e5\" data-element_type=\"widget\" data-widget_type=\"image.default\">\n\t\t\t\t<div class=\"elementor-widget-container\">\n\t\t\t<style>\/*! elementor - v3.16.0 - 20-09-2023 *\/\n.elementor-widget-image{text-align:center}.elementor-widget-image a{display:inline-block}.elementor-widget-image a img[src$=\".svg\"]{width:48px}.elementor-widget-image img{vertical-align:middle;display:inline-block}<\/style>\t\t\t\t\t\t\t\t\t\t\t\t<img decoding=\"async\" loading=\"lazy\" width=\"646\" height=\"1024\" src=\"https:\/\/xn--bernard-paquereau-crivain-sic.store\/wp-content\/uploads\/2023\/12\/Lesplantessauvages-646x1024.jpg\" class=\"attachment-large size-large wp-image-905\" alt=\"\" srcset=\"https:\/\/xn--bernard-paquereau-crivain-sic.store\/wp-content\/uploads\/2023\/12\/Lesplantessauvages-646x1024.jpg 646w, https:\/\/xn--bernard-paquereau-crivain-sic.store\/wp-content\/uploads\/2023\/12\/Lesplantessauvages-189x300.jpg 189w, https:\/\/xn--bernard-paquereau-crivain-sic.store\/wp-content\/uploads\/2023\/12\/Lesplantessauvages-600x952.jpg 600w, https:\/\/xn--bernard-paquereau-crivain-sic.store\/wp-content\/uploads\/2023\/12\/Lesplantessauvages.jpg 681w\" sizes=\"(max-width: 646px) 100vw, 646px\" \/>\t\t\t\t\t\t\t\t\t\t\t\t\t\t\t<\/div>\n\t\t\t\t<\/div>\n\t\t\t\t<\/div>\n\t\t<div class=\"elementor-element elementor-element-e31db30 e-con-full e-flex e-con e-child\" data-id=\"e31db30\" data-element_type=\"container\" data-settings=\"{&quot;content_width&quot;:&quot;full&quot;}\">\n\t\t\t\t<div class=\"elementor-element elementor-element-dba3e8d elementor-widget elementor-widget-text-editor\" data-id=\"dba3e8d\" data-element_type=\"widget\" data-widget_type=\"text-editor.default\">\n\t\t\t\t<div class=\"elementor-widget-container\">\n\t\t\t<style>\/*! elementor - v3.16.0 - 20-09-2023 *\/\n.elementor-widget-text-editor.elementor-drop-cap-view-stacked .elementor-drop-cap{background-color:#69727d;color:#fff}.elementor-widget-text-editor.elementor-drop-cap-view-framed .elementor-drop-cap{color:#69727d;border:3px solid;background-color:transparent}.elementor-widget-text-editor:not(.elementor-drop-cap-view-default) .elementor-drop-cap{margin-top:8px}.elementor-widget-text-editor:not(.elementor-drop-cap-view-default) .elementor-drop-cap-letter{width:1em;height:1em}.elementor-widget-text-editor .elementor-drop-cap{float:left;text-align:center;line-height:1;font-size:50px}.elementor-widget-text-editor .elementor-drop-cap-letter{display:inline-block}<\/style>\t\t\t\t<p><span style=\"font-size: large;\"><span style=\"font-family: Times New Roman, serif;\">Les plantes sauvages nous entourent et nous les consid\u00e9rons souvent comme ind\u00e9sirables parce que nous les connaissons mal. Pourtant, elles sont ancr\u00e9es dans notre histoire et nos l\u00e9gendes, nos souvenirs d\u2019enfance et par-del\u00e0 leurs diff\u00e9rents int\u00e9r\u00eats m\u00e9dicinaux, elles peuvent \u00eatre <\/span><span style=\"font-family: Times New Roman, serif;\">appr\u00e9ci\u00e9es <\/span><span style=\"font-family: Times New Roman, serif;\">en bien des domaines de la vie quotidienne. Saviez-vous par exemple que certaines forment d\u2019excellents couvre-sols, que d\u2019autres sont m\u00eame comestibles<\/span> <span style=\"font-family: Times New Roman, serif;\">? <\/span><span style=\"font-family: Times New Roman, serif;\">La vie des hommes est intimement li\u00e9e \u00e0 toutes ces sauvageonnes. <\/span><\/span><span style=\"font-family: Times New Roman, serif;\"><span style=\"font-size: large;\">Compl\u00e9ment naturel des guides botaniques illustr\u00e9s, ce petit livre<\/span><\/span> <span style=\"font-family: Times New Roman, serif;\"><span style=\"font-size: large;\">facile \u00e0 glisser dans la poche ou le sac \u00e0 dos<\/span><\/span> <span style=\"font-family: Times New Roman, serif;\"><span style=\"font-size: large;\">c<\/span><\/span><span style=\"font-family: Times New Roman, serif;\"><span style=\"font-size: large;\">ombine<\/span><\/span><span style=\"font-family: Times New Roman, serif;\"><span style=\"font-size: large;\"> une approche litt\u00e9raire et <\/span><\/span><span style=\"font-family: Times New Roman, serif;\"><span style=\"font-size: large;\">un<\/span><\/span><span style=\"font-family: Times New Roman, serif;\"><span style=\"font-size: large;\"> regard scientifique<\/span><\/span><span style=\"font-family: Times New Roman, serif;\"><span style=\"font-size: large;\">.<\/span><\/span><span style=\"font-family: Times New Roman, serif;\"><span style=\"font-size: large;\"> Il <\/span><\/span><span style=\"font-family: Times New Roman, serif;\"><span style=\"font-size: large;\">deviendra le compagnon indi<\/span><\/span><span style=\"font-family: Times New Roman, serif;\"><span style=\"font-size: large;\">s<\/span><\/span><span style=\"font-family: Times New Roman, serif;\"><span style=\"font-size: large;\">pensable de vos sorties \u00e0 la campagne, de vos promenades au fond du jardin ou dans les coins sauvages de votre quartier, <\/span><\/span><span style=\"font-family: Times New Roman, serif;\"><span style=\"font-size: large;\">quelques poses lectures ponctuant vos randonn\u00e9es. <\/span><\/span><\/p><p>Merci pour leur soutien \u00e0 <strong><span style=\"color: #ff6600;\">Paul Gicquiaud<\/span><\/strong> et<strong> <span style=\"color: #ff6600;\">Philippe Gallotte<\/span><\/strong> de Camifolia, \u00e0 <strong><span style=\"color: #ff6600;\">Pierre Chasseloup<\/span><\/strong> du CPIE Loire-et-Mauges et \u00e0 <span style=\"color: #ff6600;\"><strong>Jacques Boisl\u00e8ve<\/strong><span style=\"color: #000000;\">, ex-journaliste de Ouest-France<\/span><\/span><span style=\"color: #000000;\">.<\/span> Ce livre est le fruit de plus de quinze ans d&#8217;observations passionn\u00e9es, de notations sur un petit carnet lors des nombreuses randonn\u00e9es.<\/p><p>Illustrations : <span style=\"color: #ff6600;\"><strong>Marie Gandon<\/strong><\/span> et<span style=\"color: #ff6600;\"><strong> Lydille Rotureau<\/strong><\/span><\/p>\t\t\t\t\t\t<\/div>\n\t\t\t\t<\/div>\n\t\t\t\t<div class=\"elementor-element elementor-element-05af27a elementor-widget elementor-widget-text-editor\" data-id=\"05af27a\" data-element_type=\"widget\" data-widget_type=\"text-editor.default\">\n\t\t\t\t<div class=\"elementor-widget-container\">\n\t\t\t\t\t\t\t<p><span style=\"font-size: 16px;\">Code ISBN : 978-2-37109-098-9<\/span><\/p><p>Prix 9.90 euros<\/p>\t\t\t\t\t\t<\/div>\n\t\t\t\t<\/div>\n\t\t\t\t<div class=\"elementor-element elementor-element-0cae815 elementor-align-center elementor-widget elementor-widget-button\" data-id=\"0cae815\" data-element_type=\"widget\" data-widget_type=\"button.default\">\n\t\t\t\t<div class=\"elementor-widget-container\">\n\t\t\t\t\t<div class=\"elementor-button-wrapper\">\n\t\t\t<a class=\"elementor-button elementor-button-link elementor-size-sm\" href=\"#\">\n\t\t\t\t\t\t<span class=\"elementor-button-content-wrapper\">\n\t\t\t\t\t\t<span class=\"elementor-button-text\">Je commande <\/span>\n\t\t<\/span>\n\t\t\t\t\t<\/a>\n\t\t<\/div>\n\t\t\t\t<\/div>\n\t\t\t\t<\/div>\n\t\t\t\t<\/div>\n\t\t\t\t\t<\/div>\n\t\t\t\t<\/div>\n\t\t\t\t\t\t\t<\/div>\n\t\t","protected":false},"excerpt":{"rendered":"<p>Les plantes sauvages Les plantes sauvages nous entourent et nous les consid\u00e9rons souvent comme ind\u00e9sirables parce que nous les connaissons mal. Pourtant, elles sont ancr\u00e9es dans notre histoire et nos l\u00e9gendes, nos souvenirs d\u2019enfance et par-del\u00e0 leurs diff\u00e9rents int\u00e9r\u00eats m\u00e9dicinaux, elles peuvent \u00eatre appr\u00e9ci\u00e9es en bien des domaines de la vie quotidienne. Saviez-vous par exemple &hellip;<\/p>\n<p class=\"read-more\"> <a class=\"\" href=\"https:\/\/xn--bernard-paquereau-crivain-sic.store\/?page_id=475\"> <span class=\"screen-reader-text\">Les plantes sauvages<\/span> Read More &raquo;<\/a><\/p>\n","protected":false},"author":1,"featured_media":0,"parent":0,"menu_order":0,"comment_status":"closed","ping_status":"closed","template":"","meta":{"site-sidebar-layout":"no-sidebar","site-content-layout":"","ast-site-content-layout":"full-width-container","site-content-style":"default","site-sidebar-style":"default","ast-global-header-display":"","ast-banner-title-visibility":"","ast-main-header-display":"","ast-hfb-above-header-display":"","ast-hfb-below-header-display":"","ast-hfb-mobile-header-display":"","site-post-title":"disabled","ast-breadcrumbs-content":"","ast-featured-img":"disabled","footer-sml-layout":"","theme-transparent-header-meta":"","adv-header-id-meta":"","stick-header-meta":"","header-above-stick-meta":"","header-main-stick-meta":"","header-below-stick-meta":"","astra-migrate-meta-layouts":"","footnotes":""},"aioseo_notices":[],"_links":{"self":[{"href":"https:\/\/xn--bernard-paquereau-crivain-sic.store\/index.php?rest_route=\/wp\/v2\/pages\/475"}],"collection":[{"href":"https:\/\/xn--bernard-paquereau-crivain-sic.store\/index.php?rest_route=\/wp\/v2\/pages"}],"about":[{"href":"https:\/\/xn--bernard-paquereau-crivain-sic.store\/index.php?rest_route=\/wp\/v2\/types\/page"}],"author":[{"embeddable":true,"href":"https:\/\/xn--bernard-paquereau-crivain-sic.store\/index.php?rest_route=\/wp\/v2\/users\/1"}],"replies":[{"embeddable":true,"href":"https:\/\/xn--bernard-paquereau-crivain-sic.store\/index.php?rest_route=%2Fwp%2Fv2%2Fcomments&post=475"}],"version-history":[{"count":19,"href":"https:\/\/xn--bernard-paquereau-crivain-sic.store\/index.php?rest_route=\/wp\/v2\/pages\/475\/revisions"}],"predecessor-version":[{"id":1135,"href":"https:\/\/xn--bernard-paquereau-crivain-sic.store\/index.php?rest_route=\/wp\/v2\/pages\/475\/revisions\/1135"}],"wp:attachment":[{"href":"https:\/\/xn--bernard-paquereau-crivain-sic.store\/index.php?rest_route=%2Fwp%2Fv2%2Fmedia&parent=475"}],"curies":[{"name":"wp","href":"https:\/\/api.w.org\/{rel}","templated":true}]}}